{"id":176,"date":"2020-05-12T03:17:16","date_gmt":"2020-05-12T03:17:16","guid":{"rendered":"http:\/\/fisica.ugto.mx\/~datalab\/?page_id=176"},"modified":"2021-04-13T14:25:54","modified_gmt":"2021-04-13T14:25:54","slug":"covid19","status":"publish","type":"page","link":"http:\/\/fisica.ugto.mx\/~datalab\/covid19\/","title":{"rendered":"Covid 19"},"content":{"rendered":"\n<p>En el DataLab hemos realizado algunos estudios usando modelado matem\u00e1tico y t\u00e9cnicas estad\u00edsticas para estudiar la epidemia del coronavirus. A continuaci\u00f3n un listado de algunos trabajos. <\/p>\n\n\n\n<p class=\"has-medium-font-size\"><strong><em><span style=\"color:#0693e3\" class=\"tadv-color\">Posts<\/span><\/em><\/strong><\/p>\n\n\n\n<p><a href=\"http:\/\/fisica.ugto.mx\/~datalab\/covid19\/proyecciones-guanajuato2021\/\"><span style=\"color:#9b51e0\" class=\"tadv-color\">Proyecciones 2021 de la epidemia de COVID-19 para Guanajuato<\/span><\/a><\/p>\n\n\n\n<p><a href=\"http:\/\/fisica.ugto.mx\/~datalab\/covidreportegto18dic20\/\">\u00daLTIMA ACTUALIZACI\u00d3N DEL: \u201c<strong>Reporte sobre evoluci\u00f3n de la pandemia en Guanajuato (18 Diciembre 2020)<\/strong>\u201d por todo el grupo<\/a><\/p>\n\n\n\n<p><a href=\"http:\/\/fisica.ugto.mx\/~datalab\/covidreportemex18dic20\/\">\u00daLTIMA ACTUALIZACI\u00d3N DEL: \u201c<strong>Reporte sobre evoluci\u00f3n de la pandemia en M\u00e9xico (18 <strong>Diciembre<\/strong> 2020)<\/strong>\u201d<\/a> por todo el grupo<\/p>\n\n\n\n<p><a href=\"http:\/\/fisica.ugto.mx\/~datalab\/covidreportegto10jul20\/\">Primer &#8220;<strong>Reporte sobre evoluci\u00f3n de la pandemia en Guanajuato (10 Julio 2020)<\/strong>&#8221; por todo el grupo<\/a><\/p>\n\n\n\n<p><a href=\"http:\/\/fisica.ugto.mx\/~datalab\/covidreportemex4jun20\/\">Primer &#8220;<strong>Reporte sobre evoluci\u00f3n de la pandemia en M\u00e9xico (4 Junio 2020)<\/strong>&#8221; por todo el grupo<\/a>o<\/p>\n\n\n\n<p><a href=\"http:\/\/fisica.ugto.mx\/~datalab\/reportescovid\/\"><span style=\"color:#7bdcb5\" class=\"tadv-color\"><em>Hist\u00f3rico de reportes covid-19 en M\u00e9xico y Guanajuato<\/em><\/span><\/a><\/p>\n\n\n\n<p><a href=\"http:\/\/fisica.ugto.mx\/~datalab\/covid-19-datos-y-certidumbre\/\">&#8220;<strong>Covid-19: datos y certidumbre<\/strong>&#8221; por Alma X. Gonz\u00e1lez y Luis Ure\u00f1a<\/a><\/p>\n\n\n\n<p>&#8220;<a href=\"http:\/\/fisica.ugto.mx\/~datalab\/describiendo-matematicamente-al-corona\/\"><strong>Describiendo matem\u00e1ticamente al Corona<\/strong>&#8221; por Gustavo Niz<\/a><\/p>\n\n\n\n<p><a href=\"http:\/\/fisica.ugto.mx\/~datalab\/aplanar-la-curva-o-usar-el-martillo\/\">&#8220;<strong>Aplanar la curva o usar el martillo<\/strong>&#8221; por todo el grupo<\/a><\/p>\n\n\n\n<p><\/p>\n\n\n\n<p><\/p>\n\n\n\n<p class=\"has-text-color has-medium-font-size has-vivid-cyan-blue-color\"><strong><em>Publicaciones cient\u00edficas<\/em><\/strong><\/p>\n\n\n\n<p><a rel=\"noreferrer noopener\" href=\"https:\/\/arxiv.org\/abs\/2010.03097\" target=\"_blank\">&#8220;<strong>Time-dependent SI model for epidemiology and applications to Covid-19<\/strong>&#8221; por Alma X. Gonz\u00e1lez y Luis Ure\u00f1a<\/a><\/p>\n\n\n\n<p><a rel=\"noreferrer noopener\" href=\"https:\/\/arxiv.org\/abs\/2006.12479\" target=\"_blank\"><strong>&#8220;Time-dependent and time-independent SIR models applied to the COVID-19 outbreak in Argentina, Brazil, Colombia, Mexico and South Africa&#8221; <\/strong>(ArXiv:2006.12479) por Nana Cabo y Dami\u00e1n Mayorga<\/a><\/p>\n\n\n\n<p><a rel=\"noreferrer noopener\" href=\"https:\/\/arxiv.org\/abs\/2004.11352\" target=\"_blank\">&#8220;<strong>Modelos SIR modificados para la evoluci\u00f3n del COVID19<\/strong>&#8221; (arXiv:004.11352) por Nana Cabo y <\/a><a href=\"https:\/\/arxiv.org\/search\/q-bio?searchtype=author&amp;query=de+Oca%2C+A+C+M\">Alejandro Cabo Montes de Oca<\/a><\/p>\n\n\n\n<p><a href=\"https:\/\/arxiv.org\/abs\/2006.04954\" target=\"_blank\" rel=\"noreferrer noopener\">&#8220;<strong>Morphology and numerical characteristics of epidemic curves for SARS-Cov-II using Moyal distribution<\/strong>&#8221; por Jose de Jesus Bernal-Alvarado, David Delepine<\/a><\/p>\n\n\n\n<p><\/p>\n\n\n\n<p class=\"has-medium-font-size\"><strong><em><span style=\"color:#0693e3\" class=\"tadv-color\">Otros<\/span><\/em><\/strong><\/p>\n\n\n\n<p>Seminario sobre el Covid-19 por Nana Cabo. Seminario de Sistemas Complejos y F\u00edsica Estad\u00edstica en el IF-UNAM. 29 de junio de 2020. (<a href=\"http:\/\/fisica.ugto.mx\/~datalab\/files\/covid19\/seminario-UNAM-covid-Nana.pdf\" target=\"_blank\" rel=\"noreferrer noopener\">slides<\/a>)<\/p>\n\n\n\n<p><a rel=\"noreferrer noopener\" href=\"https:\/\/www.cronica.com.mx\/notas-evolucion_y_fin_del_covid_19-1154206-2020\" target=\"_blank\">&#8220;<strong>Evoluci\u00f3n y fin\u00b7 del COVID-19<\/strong>&#8221; por Octavio Obreg\u00f3n y David Delepine (peri\u00f3dico Cr\u00f3nica).<\/a><\/p>\n\n\n\n<p><a rel=\"noreferrer noopener\" href=\"https:\/\/www.cronica.com.mx\/notas-terminada_la_pandemia_por_covid_19_que_sigue-1153556-2020\" target=\"_blank\">&#8220;<strong>Terminada la pandemia por COVID-19 \u00bfqu\u00e9 sigue?<\/strong>&#8221; por Octavio Obreg\u00f3n y Cupatitzio Ram\u00edrez (peri\u00f3dico Cr\u00f3nica).<\/a><\/p>\n\n\n\n<p><a rel=\"noreferrer noopener\" href=\"https:\/\/www.ugto.mx\/eugreka\/contribuciones\/218-susana-distancia-y-la-imagen-cientifica-del-mundo\" target=\"_blank\">&#8220;<strong>Susana Distancia y la imagen cient\u00edfica del mundo<\/strong>&#8221; por Juan Barranco (eUGreka).<\/a><\/p>\n\n\n\n<p><a href=\"https:\/\/www.ugto.mx\/noticias\/noticias\/16394-modelacion-matematica-una-guia-para-orientar-la-toma-de-decisiones-frente-a-la-pandemia\">Breve noticia sobre el modelaje matem\u00e1tico de la pandemia por el grupo<\/a><\/p>\n\n\n\n<p><a rel=\"noreferrer noopener\" href=\"https:\/\/mx.ivoox.com\/es\/programa-98-dr-gustavo-niz-audios-mp3_rf_50477677_1.html\" target=\"_blank\">Breve entrevista a Gustavo Niz sobre lo aprendido al modelar el Covid 19<\/a><\/p>\n\n\n\n<p><em><span style=\"color:#0693e3\" class=\"tadv-color\">Cl\u00e1usula de deslinde de responsabilidad:<\/span> la informaci\u00f3n presentada sobre el Covid-19 es de car\u00e1cter informativo, con las opiniones de los autores, y no debe considerarse como la opini\u00f3n de expertos o encargados gubernamentales de estos temas. Hay muchas inc\u00f3gnitas en la epidemia y el sistema es autoregulante, por lo que no ofrecemos garant\u00eda de que los resultados y pron\u00f3sticos presentados realmente ocurran. Por lo tanto, nos deslindamos de cualquier responsabilidad en el uso de la informaci\u00f3n aqu\u00ed presentada. Finalmente, no existen fines de lucro en estas investigaciones, y s\u00f3lo esperamos que la aportaci\u00f3n cient\u00edfica de nuestros contenidos contribuya al debate, el crecimiento y la socializaci\u00f3n de la ciencia<\/em>, y en beneficio de la sociedad.<\/p>\n","protected":false},"excerpt":{"rendered":"<p>En el DataLab hemos realizado algunos estudios usando modelado matem\u00e1tico y t\u00e9cnicas estad\u00edsticas para estudiar la epidemia del coronavirus. A continuaci\u00f3n un listado de algunos trabajos. Posts Proyecciones 2021 de la epidemia de COVID-19 para Guanajuato \u00daLTIMA ACTUALIZACI\u00d3N DEL: \u201cReporte sobre evoluci\u00f3n de la pandemia en Guanajuato (18 Diciembre 2020)\u201d por todo el grupo \u00daLTIMA &hellip; <\/p>\n<p class=\"link-more\"><a href=\"http:\/\/fisica.ugto.mx\/~datalab\/covid19\/\" class=\"more-link\">Continue reading<span class=\"screen-reader-text\"> &#8220;Covid 19&#8221;<\/span><\/a><\/p>\n","protected":false},"author":1,"featured_media":0,"parent":0,"menu_order":0,"comment_status":"closed","ping_status":"closed","template":"","meta":[],"_links":{"self":[{"href":"http:\/\/fisica.ugto.mx\/~datalab\/wp-json\/wp\/v2\/pages\/176"}],"collection":[{"href":"http:\/\/fisica.ugto.mx\/~datalab\/wp-json\/wp\/v2\/pages"}],"about":[{"href":"http:\/\/fisica.ugto.mx\/~datalab\/wp-json\/wp\/v2\/types\/page"}],"author":[{"embeddable":true,"href":"http:\/\/fisica.ugto.mx\/~datalab\/wp-json\/wp\/v2\/users\/1"}],"replies":[{"embeddable":true,"href":"http:\/\/fisica.ugto.mx\/~datalab\/wp-json\/wp\/v2\/comments?post=176"}],"version-history":[{"count":48,"href":"http:\/\/fisica.ugto.mx\/~datalab\/wp-json\/wp\/v2\/pages\/176\/revisions"}],"predecessor-version":[{"id":800,"href":"http:\/\/fisica.ugto.mx\/~datalab\/wp-json\/wp\/v2\/pages\/176\/revisions\/800"}],"wp:attachment":[{"href":"http:\/\/fisica.ugto.mx\/~datalab\/wp-json\/wp\/v2\/media?parent=176"}],"curies":[{"name":"wp","href":"https:\/\/api.w.org\/{rel}","templated":true}]}}