{"id":347,"date":"2020-08-04T13:44:09","date_gmt":"2020-08-04T13:44:09","guid":{"rendered":"http:\/\/fisica.ugto.mx\/~datalab\/?page_id=347"},"modified":"2020-12-22T15:31:41","modified_gmt":"2020-12-22T15:31:41","slug":"reportescovid","status":"publish","type":"page","link":"http:\/\/fisica.ugto.mx\/~datalab\/reportescovid\/","title":{"rendered":"Reportes de la evoluci\u00f3n de la pandemia Covid-19 en M\u00e9xico y Guanajuato"},"content":{"rendered":"\n<p><a href=\"http:\/\/fisica.ugto.mx\/~datalab\/covidreportegto11dic20\/\">&#8220;<strong>Reporte sobre evoluci\u00f3n de la pandemia en Guanajuato (11 Diciembre 2020)<\/strong>&#8221; por todo el grupo<\/a><\/p>\n\n\n\n<p><a href=\"http:\/\/fisica.ugto.mx\/~datalab\/covidreportemex11dic20\/\">&#8220;<strong>Reporte sobre evoluci\u00f3n de la pandemia en M\u00e9xico (11 Diciembre 2020)<\/strong>&#8221; por todo el grupo<\/a><\/p>\n\n\n\n<p><a href=\"http:\/\/fisica.ugto.mx\/~datalab\/covidreportegto4dic20\/\">&#8220;<strong>Reporte sobre evoluci\u00f3n de la pandemia en Guanajuato (4 Diciembre 2020)<\/strong>&#8221; por todo el grupo<\/a><\/p>\n\n\n\n<p><a href=\"http:\/\/fisica.ugto.mx\/~datalab\/covidreportemex4dic20\/\">&#8220;<strong>Reporte sobre evoluci\u00f3n de la pandemia en M\u00e9xico (4 Diciembre 2020)<\/strong>&#8221; por todo el grupo<\/a><\/p>\n\n\n\n<p><a href=\"http:\/\/fisica.ugto.mx\/~datalab\/covidreportegto27nov20\/\">&#8220;<strong>Reporte sobre evoluci\u00f3n de la pandemia en Guanajuato (27 Noviembre 2020)<\/strong>&#8221; por todo el grupo<\/a><\/p>\n\n\n\n<p><a href=\"http:\/\/fisica.ugto.mx\/~datalab\/covidreportemex27nov20\/\">&#8220;<strong>Reporte sobre evoluci\u00f3n de la pandemia en M\u00e9xico (27 Noviembre 2020)<\/strong>&#8221; por todo el grupo<\/a><\/p>\n\n\n\n<p><a href=\"http:\/\/fisica.ugto.mx\/~datalab\/covidreportegto20nov20\/\">&#8220;<strong>Reporte sobre evoluci\u00f3n de la pandemia en Guanajuato (20 Noviembre 2020)<\/strong>&#8221; por todo el grupo<\/a><\/p>\n\n\n\n<p><a href=\"http:\/\/fisica.ugto.mx\/~datalab\/covidreportemex20nov20\/\">&#8220;<strong>Reporte sobre evoluci\u00f3n de la pandemia en M\u00e9xico (20 Noviembre 2020)<\/strong>&#8221; por todo el grupo<\/a><\/p>\n\n\n\n<p><a href=\"http:\/\/fisica.ugto.mx\/~datalab\/covidreportegto13nov20\/\">&#8220;<strong>Reporte sobre evoluci\u00f3n de la pandemia en Guanajuato (13 Noviembre 2020)<\/strong>&#8221; por todo el grupo<\/a><\/p>\n\n\n\n<p><a href=\"http:\/\/fisica.ugto.mx\/~datalab\/covidreportemex13nov20\/\">&#8220;<strong>Reporte sobre evoluci\u00f3n de la pandemia en M\u00e9xico (13 Noviembre 2020)<\/strong>&#8221; por todo el grupo<\/a><\/p>\n\n\n\n<p><a href=\"http:\/\/fisica.ugto.mx\/~datalab\/covidreportegto6nov20\/\">&#8220;<strong>Reporte sobre evoluci\u00f3n de la pandemia en Guanajuato (6 Noviembre 2020)<\/strong>&#8221; por todo el grupo<\/a><\/p>\n\n\n\n<p><a href=\"http:\/\/fisica.ugto.mx\/~datalab\/covidreportemex6nov20\/\">&#8220;<strong>Reporte sobre evoluci\u00f3n de la pandemia en M\u00e9xico (6 Noviembre 2020)<\/strong>&#8221; por todo el grupo<\/a><\/p>\n\n\n\n<p><a href=\"http:\/\/fisica.ugto.mx\/~datalab\/covidreportegto30oct20\/\">&#8220;<strong>Reporte sobre evoluci\u00f3n de la pandemia en Guanajuato (30 Octubre 2020)<\/strong>&#8221; por todo el grupo<\/a><\/p>\n\n\n\n<p><a href=\"http:\/\/fisica.ugto.mx\/~datalab\/covidreportemex30oct20\/\">&#8220;<strong>Reporte sobre evoluci\u00f3n de la pandemia en M\u00e9xico (30 Octubre 2020)<\/strong>&#8221; por todo el grupo<\/a><\/p>\n\n\n\n<p><a href=\"http:\/\/fisica.ugto.mx\/~datalab\/covidreportegto23oct20\/\">&#8220;<strong>Reporte sobre evoluci\u00f3n de la pandemia en Guanajuato (23 Octubre 2020)<\/strong>&#8221; por todo el grupo<\/a><\/p>\n\n\n\n<p><a href=\"http:\/\/fisica.ugto.mx\/~datalab\/covidreportemex23oct20\/\">&#8220;<strong>Reporte sobre evoluci\u00f3n de la pandemia en M\u00e9xico (23 Octubre 2020)<\/strong>&#8221; por todo el grupo<\/a><\/p>\n\n\n\n<p><a href=\"http:\/\/fisica.ugto.mx\/~datalab\/covidreportegto16oct20\/\">&#8220;<strong>Reporte sobre evoluci\u00f3n de la pandemia en Guanajuato (16 Octubre 2020)<\/strong>&#8221; por todo el grupo<\/a><\/p>\n\n\n\n<p><a href=\"http:\/\/fisica.ugto.mx\/~datalab\/covidreportemex16oct20\/\">&#8220;<strong>Reporte sobre evoluci\u00f3n de la pandemia en M\u00e9xico (16 Octubre 2020)<\/strong>&#8221; por todo el grupo<\/a><\/p>\n\n\n\n<p><a href=\"http:\/\/fisica.ugto.mx\/~datalab\/covidreportegto9oct20\/\">&#8220;<strong>Reporte sobre evoluci\u00f3n de la pandemia en Guanajuato (9 Octubre 2020)<\/strong>&#8221; por todo el grupo<\/a><\/p>\n\n\n\n<p><a href=\"http:\/\/fisica.ugto.mx\/~datalab\/covidreportemex9oct20\/\">&#8220;<strong>Reporte sobre evoluci\u00f3n de la pandemia en M\u00e9xico (9 Octubre 2020)<\/strong>&#8221; por todo el grupo<\/a><\/p>\n\n\n\n<p><a href=\"http:\/\/fisica.ugto.mx\/~datalab\/covidreportegto2oct20\/\">&#8220;<strong>Reporte sobre evoluci\u00f3n de la pandemia en Guanajuato (2 Octubre 2020)<\/strong>&#8221; por todo el grupo<\/a><\/p>\n\n\n\n<p><a href=\"http:\/\/fisica.ugto.mx\/~datalab\/covidreportemex2oct20\/\">&#8220;<strong>Reporte sobre evoluci\u00f3n de la pandemia en M\u00e9xico (2 Octubre 2020)<\/strong>&#8221; por todo el grupo<\/a><\/p>\n\n\n\n<p><a href=\"http:\/\/fisica.ugto.mx\/~datalab\/covidreportegto25sep20\/\">&#8220;<strong>Reporte sobre evoluci\u00f3n de la pandemia en Guanajuato (25 Septiembre 2020)<\/strong>&#8221; por todo el grupo<\/a><\/p>\n\n\n\n<p><a href=\"http:\/\/fisica.ugto.mx\/~datalab\/covidreportemex25sep20\/\">&#8220;<strong>Reporte sobre evoluci\u00f3n de la pandemia en M\u00e9xico (25 Septiembre 2020)<\/strong>&#8221; por todo el grupo<\/a><\/p>\n\n\n\n<p><a href=\"http:\/\/fisica.ugto.mx\/~datalab\/covidreportegto18sep20\/\">&#8220;<strong>Reporte sobre evoluci\u00f3n de la pandemia en Guanajuato (18 Septiembre 2020)<\/strong>&#8221; por todo el grupo<\/a><\/p>\n\n\n\n<p><a href=\"http:\/\/fisica.ugto.mx\/~datalab\/covidreportemex18sep20\/\">&#8220;<strong>Reporte sobre evoluci\u00f3n de la pandemia en M\u00e9xico (18 Septiembre 2020)<\/strong>&#8221; por todo el grupo<\/a><\/p>\n\n\n\n<p><a href=\"http:\/\/fisica.ugto.mx\/~datalab\/covidreportegto11sep20\/\">&#8220;<strong>Reporte sobre evoluci\u00f3n de la pandemia en Guanajuato (11 Septiembre 2020)<\/strong>&#8221; por todo el grupo<\/a><\/p>\n\n\n\n<p><a href=\"http:\/\/fisica.ugto.mx\/~datalab\/covidreportemex11sep20\/\">&#8220;<strong>Reporte sobre evoluci\u00f3n de la pandemia en M\u00e9xico (11 Septiembre 2020)<\/strong>&#8221; por todo el grupo<\/a><\/p>\n\n\n\n<p><a href=\"http:\/\/fisica.ugto.mx\/~datalab\/covidreportegto4sep20\/\">&#8220;<strong>Reporte sobre evoluci\u00f3n de la pandemia en Guanajuato (4 Septiembre 2020)<\/strong>&#8221; por todo el grupo<\/a><\/p>\n\n\n\n<p><a href=\"http:\/\/fisica.ugto.mx\/~datalab\/covidreportemex4sep20\/\">&#8220;<strong>Reporte sobre evoluci\u00f3n de la pandemia en M\u00e9xico (4 Septiembre 2020)<\/strong>&#8221; por todo el grupo<\/a><\/p>\n\n\n\n<p><a href=\"http:\/\/fisica.ugto.mx\/~datalab\/covidreportegto28ago20\/\">&#8220;<strong>Reporte sobre evoluci\u00f3n de la pandemia en Guanajuato (28 Agosto 2020)<\/strong>&#8221; por todo el grupo<\/a><\/p>\n\n\n\n<p><a href=\"http:\/\/fisica.ugto.mx\/~datalab\/covidreportemex28ago20\/\">&#8220;<strong>Reporte sobre evoluci\u00f3n de la pandemia en M\u00e9xico (28 Agosto 2020)<\/strong>&#8221; por todo el grupo<\/a><\/p>\n\n\n\n<p><a href=\"http:\/\/fisica.ugto.mx\/~datalab\/covidreportegto21ago20\/\">&#8220;<strong>Reporte sobre evoluci\u00f3n de la pandemia en Guanajuato (21 Agosto 2020)<\/strong>&#8221; por todo el grupo<\/a><\/p>\n\n\n\n<p><a href=\"http:\/\/fisica.ugto.mx\/~datalab\/covidreportemex21ago20\/\">&#8220;<strong>Reporte sobre evoluci\u00f3n de la pandemia en M\u00e9xico (21 Agosto 2020)<\/strong>&#8221; por todo el grupo<\/a><\/p>\n\n\n\n<p><a href=\"http:\/\/fisica.ugto.mx\/~datalab\/covidreportegto14ago20\/\">&#8220;<strong>Reporte sobre evoluci\u00f3n de la pandemia en Guanajuato (14 Agosto 2020)<\/strong>&#8221; por todo el grupo<\/a><\/p>\n\n\n\n<p><a href=\"http:\/\/fisica.ugto.mx\/~datalab\/covidreportemex14ago20\/\">&#8220;<strong>Reporte sobre evoluci\u00f3n de la pandemia en M\u00e9xico (14 Agosto 2020)<\/strong>&#8221; por todo el grupo<\/a><\/p>\n\n\n\n<p><a href=\"http:\/\/fisica.ugto.mx\/~datalab\/covidreportegto7ago20\/\">&#8220;<strong>Reporte sobre evoluci\u00f3n de la pandemia en Guanajuato (7 Agosto 2020)<\/strong>&#8221; por todo el grupo<\/a><\/p>\n\n\n\n<p><a href=\"http:\/\/fisica.ugto.mx\/~datalab\/covidreportemex7ago20\/\">&#8220;<strong>Reporte sobre evoluci\u00f3n de la pandemia en M\u00e9xico (7 Agosto 2020)<\/strong>&#8221; por todo el grupo<\/a><\/p>\n\n\n\n<p><a href=\"http:\/\/fisica.ugto.mx\/~datalab\/covidreportegto31jul20\/\">\u201c<strong>Reporte sobre evoluci\u00f3n de la pandemia en Guanajuato (31 Julio 2020)<\/strong>\u201d por todo el grupo<\/a><\/p>\n\n\n\n<p><a href=\"http:\/\/fisica.ugto.mx\/~datalab\/covidreportemex31jul20\/\"> \u201c<strong>Reporte sobre evoluci\u00f3n de la pandemia en M\u00e9xico (31 Julio 2020)<\/strong>\u201d por todo el grupo<\/a><\/p>\n\n\n\n<p><a href=\"http:\/\/fisica.ugto.mx\/~datalab\/covidreportegto24jul20\/\">\u201c<strong>Reporte sobre evoluci\u00f3n de la pandemia en Guanajuato (24 Julio 2020)<\/strong>\u201d por todo el grupo<\/a><\/p>\n\n\n\n<p><a href=\"http:\/\/fisica.ugto.mx\/~datalab\/covidreportemex24jul20\/\">\u201c<strong>Reporte sobre evoluci\u00f3n de la pandemia en M\u00e9xico (24 Julio 2020)<\/strong>\u201d por todo el grupo<\/a><\/p>\n\n\n\n<p><a href=\"http:\/\/fisica.ugto.mx\/~datalab\/covidreportegto17jul20\/\">\u201c<strong>Reporte sobre evoluci\u00f3n de la pandemia en Guanajuato (17 Julio 2020)<\/strong>\u201d por todo el grupo<\/a><\/p>\n\n\n\n<p><a href=\"http:\/\/fisica.ugto.mx\/~datalab\/covidreportemex17jul20\/\">\u201c<strong>Reporte sobre evoluci\u00f3n de la pandemia en M\u00e9xico (17 Julio 2020)<\/strong>\u201d por todo el grupo<\/a><\/p>\n\n\n\n<p><a href=\"http:\/\/fisica.ugto.mx\/~datalab\/covidreportegto10jul20\/\">\u201c<strong>Reporte sobre evoluci\u00f3n de la pandemia en Guanajuato (10 Julio 2020)<\/strong>\u201d por todo el grupo<\/a><\/p>\n\n\n\n<p><a href=\"http:\/\/fisica.ugto.mx\/~datalab\/covidreportemex10jul20\/\">\u201c<strong>Reporte sobre evoluci\u00f3n de la pandemia en M\u00e9xico (10 Julio 2020)<\/strong>\u201d por todo el grupo<\/a><\/p>\n\n\n\n<p><a href=\"http:\/\/fisica.ugto.mx\/~datalab\/covidreportemex3jul20\/\">\u201c<strong>Reporte sobre evoluci\u00f3n de la pandemia en M\u00e9xico (3 Julio 2020)<\/strong>\u201d por todo el grupo<\/a><\/p>\n\n\n\n<p><a href=\"http:\/\/fisica.ugto.mx\/~datalab\/covidreportemex26jun20\/\">\u201c<strong>Reporte sobre evoluci\u00f3n de la pandemia en M\u00e9xico (26 Junio 2020)<\/strong>\u201d por todo el grupo<\/a><\/p>\n\n\n\n<p><a href=\"http:\/\/fisica.ugto.mx\/~datalab\/covidreportemex4jun20\/\">\u201c<strong>Reporte sobre evoluci\u00f3n de la pandemia en M\u00e9xico (4 Junio 2020)<\/strong>\u201d por todo el grupo<\/a><\/p>\n","protected":false},"excerpt":{"rendered":"<p>&#8220;Reporte sobre evoluci\u00f3n de la pandemia en Guanajuato (11 Diciembre 2020)&#8221; por todo el grupo &#8220;Reporte sobre evoluci\u00f3n de la pandemia en M\u00e9xico (11 Diciembre 2020)&#8221; por todo el grupo &#8220;Reporte sobre evoluci\u00f3n de la pandemia en Guanajuato (4 Diciembre 2020)&#8221; por todo el grupo &#8220;Reporte sobre evoluci\u00f3n de la pandemia en M\u00e9xico (4 Diciembre &hellip; <\/p>\n<p class=\"link-more\"><a href=\"http:\/\/fisica.ugto.mx\/~datalab\/reportescovid\/\" class=\"more-link\">Continue reading<span class=\"screen-reader-text\"> &#8220;Reportes de la evoluci\u00f3n de la pandemia Covid-19 en M\u00e9xico y Guanajuato&#8221;<\/span><\/a><\/p>\n","protected":false},"author":1,"featured_media":0,"parent":0,"menu_order":0,"comment_status":"closed","ping_status":"closed","template":"","meta":[],"_links":{"self":[{"href":"http:\/\/fisica.ugto.mx\/~datalab\/wp-json\/wp\/v2\/pages\/347"}],"collection":[{"href":"http:\/\/fisica.ugto.mx\/~datalab\/wp-json\/wp\/v2\/pages"}],"about":[{"href":"http:\/\/fisica.ugto.mx\/~datalab\/wp-json\/wp\/v2\/types\/page"}],"author":[{"embeddable":true,"href":"http:\/\/fisica.ugto.mx\/~datalab\/wp-json\/wp\/v2\/users\/1"}],"replies":[{"embeddable":true,"href":"http:\/\/fisica.ugto.mx\/~datalab\/wp-json\/wp\/v2\/comments?post=347"}],"version-history":[{"count":18,"href":"http:\/\/fisica.ugto.mx\/~datalab\/wp-json\/wp\/v2\/pages\/347\/revisions"}],"predecessor-version":[{"id":784,"href":"http:\/\/fisica.ugto.mx\/~datalab\/wp-json\/wp\/v2\/pages\/347\/revisions\/784"}],"wp:attachment":[{"href":"http:\/\/fisica.ugto.mx\/~datalab\/wp-json\/wp\/v2\/media?parent=347"}],"curies":[{"name":"wp","href":"https:\/\/api.w.org\/{rel}","templated":true}]}}