{"id":5,"date":"2019-05-30T17:58:02","date_gmt":"2019-05-30T17:58:02","guid":{"rendered":"http:\/\/fisica.ugto.mx\/~datalab\/?page_id=5"},"modified":"2020-11-11T20:05:27","modified_gmt":"2020-11-11T20:05:27","slug":"home","status":"publish","type":"page","link":"http:\/\/fisica.ugto.mx\/~datalab\/","title":{"rendered":"DataLab"},"content":{"rendered":"<p><span style=\"color: #00ffff;\">Welcome to the Data Science Lab at the Physics Department &#8211; Universidad de Guanajuato.<\/span><\/p>\n<p><span style=\"color: #00ffff;\">We conduct high class research using modern data analysis tools.<\/span><\/p>\n<p>Bievenidos al Laboratorio de Ciencias de Datos del Departamento de F\u00edsica &#8211; Universidad de Guanajuato.<\/p>\n<p>Conducimos investigaci\u00f3n de primera clase usando herramientas modernas del an\u00e1lisis de datos.<\/p>\n","protected":false},"excerpt":{"rendered":"<p>Welcome to the Data Science Lab at the Physics Department &#8211; Universidad de Guanajuato. We conduct high class research using modern data analysis tools. Bievenidos al Laboratorio de Ciencias de Datos del Departamento de F\u00edsica &#8211; Universidad de Guanajuato. Conducimos investigaci\u00f3n de primera clase usando herramientas modernas del an\u00e1lisis de datos.<\/p>\n","protected":false},"author":1,"featured_media":0,"parent":0,"menu_order":0,"comment_status":"closed","ping_status":"closed","template":"","meta":[],"_links":{"self":[{"href":"http:\/\/fisica.ugto.mx\/~datalab\/wp-json\/wp\/v2\/pages\/5"}],"collection":[{"href":"http:\/\/fisica.ugto.mx\/~datalab\/wp-json\/wp\/v2\/pages"}],"about":[{"href":"http:\/\/fisica.ugto.mx\/~datalab\/wp-json\/wp\/v2\/types\/page"}],"author":[{"embeddable":true,"href":"http:\/\/fisica.ugto.mx\/~datalab\/wp-json\/wp\/v2\/users\/1"}],"replies":[{"embeddable":true,"href":"http:\/\/fisica.ugto.mx\/~datalab\/wp-json\/wp\/v2\/comments?post=5"}],"version-history":[{"count":7,"href":"http:\/\/fisica.ugto.mx\/~datalab\/wp-json\/wp\/v2\/pages\/5\/revisions"}],"predecessor-version":[{"id":699,"href":"http:\/\/fisica.ugto.mx\/~datalab\/wp-json\/wp\/v2\/pages\/5\/revisions\/699"}],"wp:attachment":[{"href":"http:\/\/fisica.ugto.mx\/~datalab\/wp-json\/wp\/v2\/media?parent=5"}],"curies":[{"name":"wp","href":"https:\/\/api.w.org\/{rel}","templated":true}]}}