{"id":6,"date":"2019-05-30T17:58:02","date_gmt":"2019-05-30T17:58:02","guid":{"rendered":"http:\/\/fisica.ugto.mx\/~datalab\/?page_id=6"},"modified":"2024-02-05T17:54:40","modified_gmt":"2024-02-05T17:54:40","slug":"about","status":"publish","type":"page","link":"http:\/\/fisica.ugto.mx\/~datalab\/about\/","title":{"rendered":"About"},"content":{"rendered":"\n<div class=\"is-layout-flow wp-block-group\"><div class=\"wp-block-group__inner-container\">\n<p>Creado en Junio de 2019, el DataLab es un espacio, infraestructura y capital humano que utiliza la ciencia de datos en educaci\u00f3n, investigaci\u00f3n, aplicaciones transversales y productos para el dominio p\u00fablico.<\/p>\n\n\n\n<ul>\n<li><b> Educaci\u00f3n <\/b>. Considerado como \u201cel trabajo m\u00e1s sexy del siglo XXI\u201d por el Harvard Business Review (Oct. 2012) o el mejor trabajo en EUA por varios a\u00f1os consecutivos en Glassdoor, la ciencia de datos es elaborada en muy buena medida por cient\u00edficos, sobre todo por aquellos con formaci\u00f3n en f\u00edsica a nivel licenciatura o posgrado. Este laboratorio, permite formar cient\u00edficos de datos que trasciendan en las ciencia puras, o en su aplicaci\u00f3n dentro de la sociedad. Como parte de este enfoque, esperamos incrementar los programas educativos de la DCI hacia \u00e1reas afines a la ciencia de datos. A su vez, se espera tener un segundo impacto en la sociedad, desde la apropiaci\u00f3n social de esta disciplina cient\u00edfica hasta el desarrollo de vocaciones en el \u00e1rea.<\/li>\n<li><b> Investigaci\u00f3n <\/b>\n<ol>\n<li>\u00c1reas prioritarias iniciales: Cosmolog\u00eda, Gravitaci\u00f3n, Teor\u00eda de Cuerdas, F\u00edsica de Part\u00edculas, Astropart\u00edculas, Materia Blanda, F\u00edsica Estad\u00edstica, Ingenier\u00eda Qu\u00edmica, Ciencias Biom\u00e9dicas, Epidemiolog\u00eda, Biof\u00edsica, Reconocimiento de Patrones, Optimizaci\u00f3n. Proyectos espec\u00edficos pueden consultarse <a href=\"http:\/\/fisica.ugto.mx\/~datalab\/files\/ResearchDataLab.pdf\">aqu\u00ed<\/a><\/li>\n<li>Futuras direcciones: finanzas y (bio)econom\u00eda, medicina, movilidad urbana y tr\u00e1nsito, sistemas energ\u00e9ticos, redes sociales.<\/li>\n<\/ol>\n<\/li>\n<li><b>Productos para el domino p\u00fablico<\/b>. Como filosof\u00eda contempor\u00e1nea, muchos de los c\u00f3digos son abiertos y del dominio p\u00fablico. Este laboratorio no es la excepci\u00f3n en este rubro para la mayor\u00eda de sus productos inform\u00e1ticos.<\/li>\n<li><b>Aplicaciones transversales<\/b>. Hablando un mismo lenguaje y con problem\u00e1ticas similares, la ciencia de datos permite conectar \u00e1reas del conocimiento y la tecnolog\u00eda que hasta antes parec\u00edan desconectadas. Este laboratorio construye puentes en el mediano y largo plazo con los sectores p\u00fablicos y privados.<\/li>\n<li><strong>Organizaci\u00f3n<\/strong>.\n<ol>\n<li>Director: Dr. Julio Armas (Ex-directores: M. Sabido 2019-2022)<\/li>\n<li>Fundadores: Drs. Gustavo Niz y Miguel Sabido<\/li>\n<li>Comit\u00e9 Coordinador: Drs. Alma Gonz\u00e1lez, Julio Armas, Ram\u00f3n Casta\u00f1eda, Arturo Gonz\u00e1lez y Susana Figueroa.<\/li>\n<li>Investigadores Asociados: Drs. Gustavo Niz Quevedo, Mauro Napsuciale Mendivil, Nana Cabo Bizet, Alejandro Gil-Villegas Montiel, Luis Arturo Ure\u00f1a L\u00f3pez, Oscar Loaiza Brito,\nRam\u00f3n Casta\u00f1eda Priego, Ana Laura Benavides Obreg\u00f3n, Oscar Miguel Sabido Moreno, Juan Barranco Monarca, David Delepine, Argelia Bernal Bautista\nArturo Gonz\u00e1lez Vega, Susana Figueroa Gerstenmaier, Francisco Sastre Carmona\nCarlos Alberto Vaquera Araujo, Julio Cesar Armas Perez, Alma X\u00f3chitl Gonz\u00e1lez Morales, Francisco Alarc\u00f3n Oseguera, Josue de Santiago (Cinvestav), Cesar E. Dami\u00e1n Ascencio (UG-Salamanca), Georfrey H. Israel Maury Cuna, Luis Carlos Padierna Garc\u00eda, Jos\u00e9 Luis L\u00f3pez Pic\u00f3n, Edilio L\u00e1zaro L\u00e1zaro, Maribel Ju\u00e1rez Hern\u00e1ndez, Daniel Ch\u00e1vez Valenzuela, Ma. de los Angeles Mendoza <\/li>\n<li>Estudiantes asociados: <a href=\"http:\/\/fisica.ugto.mx\/~datalab\/files\/StudentsDataLab.pdf\">lista<\/a><\/li>\n<li>Investigadores externos: Dami\u00e1n Kaloni Mayorga Pe\u00f1a<\/li>\n<li>Asesores externos: Lorena \u00c1lvarez Casta\u00f1\u00f3n<\/li>\n<\/ol>\n<\/li>\n\n<\/ul>\n<\/div><\/div>\n","protected":false},"excerpt":{"rendered":"<p>Creado en Junio de 2019, el DataLab es un espacio, infraestructura y capital humano que utiliza la ciencia de datos en educaci\u00f3n, investigaci\u00f3n, aplicaciones transversales y productos para el dominio p\u00fablico. Educaci\u00f3n . Considerado como \u201cel trabajo m\u00e1s sexy del siglo XXI\u201d por el Harvard Business Review (Oct. 2012) o el mejor trabajo en EUA &hellip; <\/p>\n<p class=\"link-more\"><a href=\"http:\/\/fisica.ugto.mx\/~datalab\/about\/\" class=\"more-link\">Continue reading<span class=\"screen-reader-text\"> &#8220;About&#8221;<\/span><\/a><\/p>\n","protected":false},"author":1,"featured_media":0,"parent":0,"menu_order":0,"comment_status":"closed","ping_status":"closed","template":"","meta":[],"_links":{"self":[{"href":"http:\/\/fisica.ugto.mx\/~datalab\/wp-json\/wp\/v2\/pages\/6"}],"collection":[{"href":"http:\/\/fisica.ugto.mx\/~datalab\/wp-json\/wp\/v2\/pages"}],"about":[{"href":"http:\/\/fisica.ugto.mx\/~datalab\/wp-json\/wp\/v2\/types\/page"}],"author":[{"embeddable":true,"href":"http:\/\/fisica.ugto.mx\/~datalab\/wp-json\/wp\/v2\/users\/1"}],"replies":[{"embeddable":true,"href":"http:\/\/fisica.ugto.mx\/~datalab\/wp-json\/wp\/v2\/comments?post=6"}],"version-history":[{"count":22,"href":"http:\/\/fisica.ugto.mx\/~datalab\/wp-json\/wp\/v2\/pages\/6\/revisions"}],"predecessor-version":[{"id":836,"href":"http:\/\/fisica.ugto.mx\/~datalab\/wp-json\/wp\/v2\/pages\/6\/revisions\/836"}],"wp:attachment":[{"href":"http:\/\/fisica.ugto.mx\/~datalab\/wp-json\/wp\/v2\/media?parent=6"}],"curies":[{"name":"wp","href":"https:\/\/api.w.org\/{rel}","templated":true}]}}