{"id":7,"date":"2019-05-30T17:58:02","date_gmt":"2019-05-30T17:58:02","guid":{"rendered":"http:\/\/fisica.ugto.mx\/~datalab\/?page_id=7"},"modified":"2019-05-30T19:36:38","modified_gmt":"2019-05-30T19:36:38","slug":"contact","status":"publish","type":"page","link":"http:\/\/fisica.ugto.mx\/~datalab\/contact\/","title":{"rendered":"Contact"},"content":{"rendered":"<p>Divisi\u00f3n de Ciencias e Ingenier\u00eda<br \/>\nDepartamento de F\u00edsica<br \/>\nUniversidad de Guanajuato, Campus Le\u00f3n<br \/>\nLoma del Bosque 103, Col. Lomas del Campestre<br \/>\nC.P. 37150, A. Postal E-143<br \/>\nLe\u00f3n, Guanajuato. MEXICO<br \/>\nTel: +52(477)788-5100,<br \/>\nFax: +52(477)788-5100, Ext. 8410<\/p>\n<p>Lab director: Miguel Sabido msabido@fisica.ugto.mx<\/p>\n","protected":false},"excerpt":{"rendered":"<p>Divisi\u00f3n de Ciencias e Ingenier\u00eda Departamento de F\u00edsica Universidad de Guanajuato, Campus Le\u00f3n Loma del Bosque 103, Col. Lomas del Campestre C.P. 37150, A. Postal E-143 Le\u00f3n, Guanajuato. MEXICO Tel: +52(477)788-5100, Fax: +52(477)788-5100, Ext. 8410 Lab director: Miguel Sabido msabido@fisica.ugto.mx<\/p>\n","protected":false},"author":1,"featured_media":0,"parent":0,"menu_order":0,"comment_status":"closed","ping_status":"closed","template":"","meta":[],"_links":{"self":[{"href":"http:\/\/fisica.ugto.mx\/~datalab\/wp-json\/wp\/v2\/pages\/7"}],"collection":[{"href":"http:\/\/fisica.ugto.mx\/~datalab\/wp-json\/wp\/v2\/pages"}],"about":[{"href":"http:\/\/fisica.ugto.mx\/~datalab\/wp-json\/wp\/v2\/types\/page"}],"author":[{"embeddable":true,"href":"http:\/\/fisica.ugto.mx\/~datalab\/wp-json\/wp\/v2\/users\/1"}],"replies":[{"embeddable":true,"href":"http:\/\/fisica.ugto.mx\/~datalab\/wp-json\/wp\/v2\/comments?post=7"}],"version-history":[{"count":2,"href":"http:\/\/fisica.ugto.mx\/~datalab\/wp-json\/wp\/v2\/pages\/7\/revisions"}],"predecessor-version":[{"id":39,"href":"http:\/\/fisica.ugto.mx\/~datalab\/wp-json\/wp\/v2\/pages\/7\/revisions\/39"}],"wp:attachment":[{"href":"http:\/\/fisica.ugto.mx\/~datalab\/wp-json\/wp\/v2\/media?parent=7"}],"curies":[{"name":"wp","href":"https:\/\/api.w.org\/{rel}","templated":true}]}}