{"id":786,"date":"2021-01-31T04:57:45","date_gmt":"2021-01-31T04:57:45","guid":{"rendered":"http:\/\/fisica.ugto.mx\/~datalab\/?page_id=786"},"modified":"2021-02-01T04:55:03","modified_gmt":"2021-02-01T04:55:03","slug":"codes","status":"publish","type":"page","link":"http:\/\/fisica.ugto.mx\/~datalab\/home\/codes\/","title":{"rendered":"Codes"},"content":{"rendered":"\n<p>Links to codes that we have been using and developing for analysis on different topics, by members of the UG Data Lab.<\/p>\n\n\n\n<ul><li>COVID-19:<ul><li><a rel=\"noreferrer noopener\" href=\"https:\/\/colab.research.google.com\/drive\/17RzCjkhXn9-jLcn6P70XnkReJsx52Npy#scrollTo=ashpe5liiy6J\" target=\"_blank\">Modelling COVID-19 with a Time-dependent SI model <\/a>by Luis Ure\u00f1a and Alma Gonz\u00e1lez <\/li><li><a rel=\"noreferrer noopener\" href=\"https:\/\/colab.research.google.com\/drive\/1Oq358pSTSn3TvSLXHCWCdsQjlFnnXTra#scrollTo=dgtdQkqHayHN\" target=\"_blank\">Modelling COVID-19 in Mexico with a SIR model  <\/a>by Gustavo Niz (collaborates: Alma Gonz\u00e1lez, &#8230;) <\/li><li><a rel=\"noreferrer noopener\" href=\"https:\/\/colab.research.google.com\/drive\/1_BsqIwpbnaQa1qrz1tq6DmUAj3Fs5oL9#scrollTo=PLNXeS0NZnLb\" target=\"_blank\">Modeling COVID-19 in Guanajuato with SIR model<\/a>  by Gustavo Niz (collaborates: Alma Gonz\u00e1lez, &#8230;)<\/li><li><a href=\"https:\/\/drive.google.com\/drive\/folders\/1yf6a7CxE2Jq-wUPU2fN27j4pbKwvz1OF\">Mathematica notebook for time-variable beta SIR model<\/a> by Nana Cabo.  It gives predictions for two and three weeks for cumulative active cases and deaths in Mexico.   Uses the John Hopkins data base present in the same link (if you use an updated one you&#8217;ll have to rename it.) <\/li><\/ul><\/li><\/ul>\n\n\n\n<ul><li><\/li><\/ul>\n\n\n\n<p><\/p>\n","protected":false},"excerpt":{"rendered":"<p>Links to codes that we have been using and developing for analysis on different topics, by members of the UG Data Lab. COVID-19: Modelling COVID-19 with a Time-dependent SI model by Luis Ure\u00f1a and Alma Gonz\u00e1lez Modelling COVID-19 in Mexico with a SIR model by Gustavo Niz (collaborates: Alma Gonz\u00e1lez, &#8230;) Modeling COVID-19 in Guanajuato &hellip; <\/p>\n<p class=\"link-more\"><a href=\"http:\/\/fisica.ugto.mx\/~datalab\/home\/codes\/\" class=\"more-link\">Continue reading<span class=\"screen-reader-text\"> &#8220;Codes&#8221;<\/span><\/a><\/p>\n","protected":false},"author":3,"featured_media":0,"parent":5,"menu_order":0,"comment_status":"closed","ping_status":"closed","template":"","meta":[],"_links":{"self":[{"href":"http:\/\/fisica.ugto.mx\/~datalab\/wp-json\/wp\/v2\/pages\/786"}],"collection":[{"href":"http:\/\/fisica.ugto.mx\/~datalab\/wp-json\/wp\/v2\/pages"}],"about":[{"href":"http:\/\/fisica.ugto.mx\/~datalab\/wp-json\/wp\/v2\/types\/page"}],"author":[{"embeddable":true,"href":"http:\/\/fisica.ugto.mx\/~datalab\/wp-json\/wp\/v2\/users\/3"}],"replies":[{"embeddable":true,"href":"http:\/\/fisica.ugto.mx\/~datalab\/wp-json\/wp\/v2\/comments?post=786"}],"version-history":[{"count":3,"href":"http:\/\/fisica.ugto.mx\/~datalab\/wp-json\/wp\/v2\/pages\/786\/revisions"}],"predecessor-version":[{"id":795,"href":"http:\/\/fisica.ugto.mx\/~datalab\/wp-json\/wp\/v2\/pages\/786\/revisions\/795"}],"up":[{"embeddable":true,"href":"http:\/\/fisica.ugto.mx\/~datalab\/wp-json\/wp\/v2\/pages\/5"}],"wp:attachment":[{"href":"http:\/\/fisica.ugto.mx\/~datalab\/wp-json\/wp\/v2\/media?parent=786"}],"curies":[{"name":"wp","href":"https:\/\/api.w.org\/{rel}","templated":true}]}}