{"id":105,"date":"2012-05-01T02:59:28","date_gmt":"2012-05-01T07:59:28","guid":{"rendered":"http:\/\/localhost\/ugto\/wordpress\/?page_id=105"},"modified":"2012-09-17T17:25:56","modified_gmt":"2012-09-17T22:25:56","slug":"contact","status":"publish","type":"page","link":"http:\/\/fisica.ugto.mx\/~gfm\/contact\/","title":{"rendered":"Contact Us"},"content":{"rendered":"<h2>Email lists<\/h2>\n<p>If you want to be added to our internal email list please write an email to <a title=\"Gustavo Niz\" href=\"http:\/\/fisica.ugto.mx\/~gfm\/group-members\/niz\/\">Gustavo Niz<\/a><\/p>\n<h2>Address<\/h2>\n<p>Divisi\u00f3n de Ciencias e Ingenier\u00eda<br \/>\nDepartamento de F\u00edsica<br \/>\nUniversidad de Guanajuato, Campus Le\u00f3n<br \/>\nLoma del Bosque 103, Col. Lomas del Campestre<br \/>\nC.P. 37150, A. Postal E-143<br \/>\nLe\u00f3n, Guanajuato. MEXICO<br \/>\nTel: +52(477)788-5100,<br \/>\nFax: +52(477)788-5100, Ext. 8410<\/p>\n<h2>Map<\/h2>\n<p><iframe loading=\"lazy\" src=\"https:\/\/maps.google.com.mx\/maps?f=q&amp;source=s_q&amp;hl=en&amp;geocode=&amp;q=103+Lomas+del+Bosque,+Lomas+del+Campestre,+Le%C3%B3n+de+Los+Aldama&amp;aq=&amp;sll=21.154113,-101.705503&amp;sspn=0.009886,0.01663&amp;t=m&amp;g=Lomas+del+Bosque,+Lomas+del+Campestre,+Le%C3%B3n+de+Los+Aldama&amp;ie=UTF8&amp;hq=&amp;hnear=Lomas+del+Bosque+103,+Lomas+del+Campestre,+Le%C3%B3n+de+Los+Aldama,+Guanajuato&amp;ll=21.154117,-101.705503&amp;spn=0.019772,0.033259&amp;z=14&amp;output=embed&amp;iwloc=near\" frameborder=\"0\" marginwidth=\"0\" marginheight=\"0\" scrolling=\"no\" width=\"425\" height=\"350\"><\/iframe><br \/>\n<small><a style=\"color: #0000ff; text-align: left;\" href=\"https:\/\/maps.google.com.mx\/maps?f=q&amp;source=embed&amp;hl=en&amp;geocode=&amp;q=103+Lomas+del+Bosque,+Lomas+del+Campestre,+Le%C3%B3n+de+Los+Aldama&amp;aq=&amp;sll=21.154113,-101.705503&amp;sspn=0.009886,0.01663&amp;t=m&amp;g=Lomas+del+Bosque,+Lomas+del+Campestre,+Le%C3%B3n+de+Los+Aldama&amp;ie=UTF8&amp;hq=&amp;hnear=Lomas+del+Bosque+103,+Lomas+del+Campestre,+Le%C3%B3n+de+Los+Aldama,+Guanajuato&amp;ll=21.154117,-101.705503&amp;spn=0.019772,0.033259&amp;z=14\">View Larger Map<\/a><\/small><\/p>\n","protected":false},"excerpt":{"rendered":"<p>Email lists If you want to be added to our internal email list please write an email to Gustavo Niz Address Divisi\u00f3n de Ciencias e Ingenier\u00eda Departamento de F\u00edsica Universidad de Guanajuato, Campus Le\u00f3n Loma del Bosque 103, Col. Lomas &hellip; <a href=\"http:\/\/fisica.ugto.mx\/~gfm\/contact\/\">Continue reading <span class=\"meta-nav\">&rarr;<\/span><\/a><\/p>\n","protected":false},"author":1,"featured_media":0,"parent":0,"menu_order":5,"comment_status":"closed","ping_status":"closed","template":"sidebar-page.php","meta":[],"_links":{"self":[{"href":"http:\/\/fisica.ugto.mx\/~gfm\/wp-json\/wp\/v2\/pages\/105"}],"collection":[{"href":"http:\/\/fisica.ugto.mx\/~gfm\/wp-json\/wp\/v2\/pages"}],"about":[{"href":"http:\/\/fisica.ugto.mx\/~gfm\/wp-json\/wp\/v2\/types\/page"}],"author":[{"embeddable":true,"href":"http:\/\/fisica.ugto.mx\/~gfm\/wp-json\/wp\/v2\/users\/1"}],"replies":[{"embeddable":true,"href":"http:\/\/fisica.ugto.mx\/~gfm\/wp-json\/wp\/v2\/comments?post=105"}],"version-history":[{"count":7,"href":"http:\/\/fisica.ugto.mx\/~gfm\/wp-json\/wp\/v2\/pages\/105\/revisions"}],"predecessor-version":[{"id":674,"href":"http:\/\/fisica.ugto.mx\/~gfm\/wp-json\/wp\/v2\/pages\/105\/revisions\/674"}],"wp:attachment":[{"href":"http:\/\/fisica.ugto.mx\/~gfm\/wp-json\/wp\/v2\/media?parent=105"}],"curies":[{"name":"wp","href":"https:\/\/api.w.org\/{rel}","templated":true}]}}