{"id":1359,"date":"2019-10-27T12:23:29","date_gmt":"2019-10-27T18:23:29","guid":{"rendered":"http:\/\/fisica.ugto.mx\/~gfm\/?page_id=1359"},"modified":"2019-10-27T13:54:22","modified_gmt":"2019-10-27T19:54:22","slug":"desi","status":"publish","type":"page","link":"http:\/\/fisica.ugto.mx\/~gfm\/research\/desi\/","title":{"rendered":"The Dark Energy Spectroscopic Instrument (DESI)"},"content":{"rendered":"<h1 style=\"text-align: center;\"><a href=\"https:\/\/www.desi.lbl.gov\" target=\"_blank\"><img decoding=\"async\" loading=\"lazy\" class=\"size-medium wp-image-1361 \" alt=\"DESI\" src=\"http:\/\/fisica.ugto.mx\/~gfm\/wordpress\/wp-content\/uploads\/2019\/10\/DESI-300x300.jpg\" width=\"300\" height=\"300\" srcset=\"http:\/\/fisica.ugto.mx\/~gfm\/wordpress\/wp-content\/uploads\/2019\/10\/DESI-300x300.jpg 300w, http:\/\/fisica.ugto.mx\/~gfm\/wordpress\/wp-content\/uploads\/2019\/10\/DESI-150x150.jpg 150w, http:\/\/fisica.ugto.mx\/~gfm\/wordpress\/wp-content\/uploads\/2019\/10\/DESI.jpg 630w\" sizes=\"(max-width: 300px) 100vw, 300px\" \/><\/a><\/h1>\n<p>&nbsp;<\/p>\n<p>Current \u00a0UG \u00a0researchers and students actively involved in DESI are:<\/p>\n<ul>\n<li>Felipe Beltr\u00e1n (PhD)<\/li>\n<li>Oleg Burgue\u00f1o\u00a0(PhD)<\/li>\n<li>Rodrigo De La Cruz (MsC)<\/li>\n<li>Hiram Herrera (MsC)<\/li>\n<li><a title=\"Alma Gonzalez\" href=\"http:\/\/fisica.ugto.mx\/~gfm\/group-members\/alma-gonzalez\/\">Alma Gonzalez<\/a>\u00a0(C\u00e1tedra CONACYT)<\/li>\n<li>Stefany Medell\u00edn (PhD)<\/li>\n<li><a title=\"Gustavo Niz\" href=\"http:\/\/fisica.ugto.mx\/~gfm\/group-members\/niz\/\">Gustavo Niz<\/a><\/li>\n<li><a title=\"Luis A. Ure\u00f1a\" href=\"http:\/\/fisica.ugto.mx\/~gfm\/group-members\/urena\/\">Luis Ure\u00f1a<\/a><\/li>\n<\/ul>\n<p>&nbsp;<\/p>\n<p>For research opportunities or further information of the UG participation please contact us.<\/p>\n<p>Further details about the collaboration in <a href=\"https:\/\/www.desi.lbl.gov\/science\/\" target=\"_blank\">English<\/a> and <a href=\"https:\/\/www.desi.lbl.gov\/perspectiva-cientifica\/\" target=\"_blank\">Spanish<\/a>.<\/p>\n<p><strong>LATEST NEWS:<\/strong><\/p>\n<p>&nbsp;<\/p>\n<p>&nbsp;<\/p>\n<p>&nbsp;<\/p>\n","protected":false},"excerpt":{"rendered":"<p>&nbsp; Current \u00a0UG \u00a0researchers and students actively involved in DESI are: Felipe Beltr\u00e1n (PhD) Oleg Burgue\u00f1o\u00a0(PhD) Rodrigo De La Cruz (MsC) Hiram Herrera (MsC) Alma Gonzalez\u00a0(C\u00e1tedra CONACYT) Stefany Medell\u00edn (PhD) Gustavo Niz Luis Ure\u00f1a &nbsp; For research opportunities or further &hellip; <a href=\"http:\/\/fisica.ugto.mx\/~gfm\/research\/desi\/\">Continue reading <span class=\"meta-nav\">&rarr;<\/span><\/a><\/p>\n","protected":false},"author":1,"featured_media":0,"parent":33,"menu_order":0,"comment_status":"closed","ping_status":"open","template":"sidebar-page.php","meta":[],"_links":{"self":[{"href":"http:\/\/fisica.ugto.mx\/~gfm\/wp-json\/wp\/v2\/pages\/1359"}],"collection":[{"href":"http:\/\/fisica.ugto.mx\/~gfm\/wp-json\/wp\/v2\/pages"}],"about":[{"href":"http:\/\/fisica.ugto.mx\/~gfm\/wp-json\/wp\/v2\/types\/page"}],"author":[{"embeddable":true,"href":"http:\/\/fisica.ugto.mx\/~gfm\/wp-json\/wp\/v2\/users\/1"}],"replies":[{"embeddable":true,"href":"http:\/\/fisica.ugto.mx\/~gfm\/wp-json\/wp\/v2\/comments?post=1359"}],"version-history":[{"count":8,"href":"http:\/\/fisica.ugto.mx\/~gfm\/wp-json\/wp\/v2\/pages\/1359\/revisions"}],"predecessor-version":[{"id":1362,"href":"http:\/\/fisica.ugto.mx\/~gfm\/wp-json\/wp\/v2\/pages\/1359\/revisions\/1362"}],"up":[{"embeddable":true,"href":"http:\/\/fisica.ugto.mx\/~gfm\/wp-json\/wp\/v2\/pages\/33"}],"wp:attachment":[{"href":"http:\/\/fisica.ugto.mx\/~gfm\/wp-json\/wp\/v2\/media?parent=1359"}],"curies":[{"name":"wp","href":"https:\/\/api.w.org\/{rel}","templated":true}]}}