{"id":156,"date":"2012-05-01T03:59:14","date_gmt":"2012-05-01T08:59:14","guid":{"rendered":"http:\/\/localhost\/ugto\/wordpress\/?page_id=156"},"modified":"2018-09-21T12:56:56","modified_gmt":"2018-09-21T17:56:56","slug":"intro","status":"publish","type":"page","link":"http:\/\/fisica.ugto.mx\/~gfm\/","title":{"rendered":"About us"},"content":{"rendered":"<p>The <strong><em>Gravitation and Mathematical Physics Group<\/em><\/strong> is part of the <a href=\"http:\/\/fisica.ugto.mx\/\">Physics Department<\/a> at the <a href=\"http:\/\/www.ugto.mx\/\">University of Guanajuato<\/a>, Mexico. It is a well established group in the country that carries\u00a0research in classical and quantum gravity, string theory and theoretical cosmology. Please visit our <a title=\"Research\" href=\"http:\/\/fisica.ugto.mx\/~gfm\/research\/\">research<\/a> section for further details.<\/p>\n<p>&nbsp;<\/p>\n<table bgcolor=\"silver\">\n<tbody>\n<tr>\n<td><span style=\"color: #3366ff;\">El grupo de <em><strong>Gravitacion y F\u00edsica Matem\u00e1tica<\/strong><\/em> es parte del <a href=\"http:\/\/www.ifug.ugto.mx\/depfisica\/DeptoFisica.php\">Departmento de F\u00edsica<\/a> de la <a href=\"http:\/\/www.ugto.mx\/\">Universidad de Guanajuato<\/a>. Es un grupo consolidado que realiza investigaci\u00f3n en gravedad cl\u00e1sica y cu\u00e1ntica, teor\u00eda de cuerdas y cosmolog\u00eda te\u00f3rica. Vea la secci\u00f3n de <a title=\"Research\" href=\"http:\/\/fisica.ugto.mx\/~gfm\/research\/\">Investigaci\u00f3n<\/a> para mayor informaci\u00f3n. <\/span><\/td>\n<\/tr>\n<\/tbody>\n<\/table>\n<p><img decoding=\"async\" loading=\"lazy\" src=\"http:\/\/fisica.ugto.mx\/~gfm\/wordpress\/wp-content\/uploads\/2018\/09\/Grav.png\" alt=\"GMP group\" width=\"300\" height=\"218\" class=\"aligncenter size-full wp-image-1357\" \/><\/p>\n<hr \/>\n<h1>Recent News<\/h1>\n<div>\u00a0<div class=\"post\" id=\"post-1290\">\n    <h2 class=\"entry-title\"><a href=\"http:\/\/fisica.ugto.mx\/~gfm\/desi\/\" rel=\"bookmark\">DESI<\/a><\/h2>\n    <div class=\"entry-meta\">Posted on <a href=\"http:\/\/fisica.ugto.mx\/~gfm\/desi\/\" title=\"1:37 pm\"\n        rel=\"bookmark\">14\/10\/2015<\/a> by <a href=\"http:\/\/fisica.ugto.mx\/~gfm\/author\/admingfm\/\">admingfm<\/a><\/div>\n    <div class=\"entry\"><p>Nos complace anunciar que algunos miembros del Grupo de Gravitaci\u00f3n y F\u00edsica Matem\u00e1tica finalmente son parte de la colaboraci\u00f3n internacional Dark Energy Spectroscopic Instrument (DESI), cuyo prop\u00f3sito ser\u00e1 medir las propiedades del Universo usando un senso de 30 millones de Galaxias y Cu\u00e1sares.<\/p>\n<p>Mayor informaci\u00f3n puede encontrarse <a href=\"http:\/\/www.jornada.unam.mx\/2015\/10\/13\/ciencias\/a02n1cie\" target=\"_blank\">aqui<\/a><\/p>\n<p>&nbsp;<\/p>\n<\/div>\n<\/div><div class=\"post\" id=\"post-1256\">\n    <h2 class=\"entry-title\"><a href=\"http:\/\/fisica.ugto.mx\/~gfm\/john-n-bahcall-physics-award-2016\/\" rel=\"bookmark\">John N. Bahcall Physics Award 2016<\/a><\/h2>\n    <div class=\"entry-meta\">Posted on <a href=\"http:\/\/fisica.ugto.mx\/~gfm\/john-n-bahcall-physics-award-2016\/\" title=\"10:40 pm\"\n        rel=\"bookmark\">25\/08\/2015<\/a> by <a href=\"http:\/\/fisica.ugto.mx\/~gfm\/author\/alma\/\">Alma<\/a><\/div>\n    <div class=\"entry\"><p>La fundaci\u00f3n Hertel en conjunto con la Universidad de California, Santa Cruz abre la convocatoria\u00a0<strong><a href=\"http:\/\/fisica.ugto.mx\/~events\/bahcall\/\">John N. Bahcall Physics Award 2016<\/a> .\u00a0<\/strong>El estudiante de licenciatura ganador de este reconocimiento podr\u00e1 realizar una estancia de investigaci\u00f3n en Astrof\u00edsica computacional en UCSC bajo la direcci\u00f3n del Dr. Enrico Ramirez-Ru\u00edz. La convocatoria est\u00e1 abierta para todos los estudiantes Mexicanos que cursen una \u00a0licenciatura en f\u00edsica, o \u00e1rea afin, en alguna universidad p\u00fablica de M\u00e9xico. La elecci\u00f3n del ganador de este a\u00f1o la coordinan profesores de nuestro departamento.<\/p>\n<\/div>\n<\/div><div class=\"post\" id=\"post-1239\">\n    <h2 class=\"entry-title\"><a href=\"http:\/\/fisica.ugto.mx\/~gfm\/nuevosintegrantes\/\" rel=\"bookmark\">Bienvenida a los Drs. Cabo, Gonz\u00e1lez y Diez<\/a><\/h2>\n    <div class=\"entry-meta\">Posted on <a href=\"http:\/\/fisica.ugto.mx\/~gfm\/nuevosintegrantes\/\" title=\"10:56 am\"\n        rel=\"bookmark\">21\/08\/2015<\/a> by <a href=\"http:\/\/fisica.ugto.mx\/~gfm\/author\/admingfm\/\">admingfm<\/a><\/div>\n    <div class=\"entry\"><p>Nos complace anunciar que el grupo ha crecido, y ahora contamos con tres nuevos miembros: la Dra. <a href=\"http:\/\/fisica.ugto.mx\/~gfm\/group-members\/nana-cabo-bizet\/\" title=\"Nana Cabo Bizet\">Nana Cabo Bizet<\/a>, especialista en teor\u00eda de cuerdas, la Dra. <a href=\"http:\/\/fisica.ugto.mx\/~gfm\/group-members\/alma-gonzalez\/\" title=\"Alma Gonzalez\">Alma Xochilt Gonz\u00e1lez Morales<\/a>, l\u00edder en cosmolog\u00eda y mater\u00eda oscura, y el Dr. <a href=\"http:\/\/fisica.ugto.mx\/~gfm\/group-members\/alberto-diez\/\" title=\"Alberto Diez\">Alberto D\u00edaz Tejedor<\/a>, experto en cosmolog\u00eda, gravitaci\u00f3n y f\u00edsica del Universo temprano. Los invitamos a darles la bienvenida y hacerlos sentir como en casa.<\/p>\n<\/div>\n<\/div><div class=\"post\" id=\"post-1120\">\n    <h2 class=\"entry-title\"><a href=\"http:\/\/fisica.ugto.mx\/~gfm\/bicep-encuentra-ondas-primordiales-gravitacionales\/\" rel=\"bookmark\">Bicep encuentra ondas primordiales gravitacionales<\/a><\/h2>\n    <div class=\"entry-meta\">Posted on <a href=\"http:\/\/fisica.ugto.mx\/~gfm\/bicep-encuentra-ondas-primordiales-gravitacionales\/\" title=\"10:06 am\"\n        rel=\"bookmark\">18\/03\/2014<\/a> by <a href=\"http:\/\/fisica.ugto.mx\/~gfm\/author\/admingfm\/\">admingfm<\/a><\/div>\n    <div class=\"entry\"><p>La colaboraci\u00f3n BICEP encontr\u00f3 modos B de polarizaci\u00f3n en la radiaci\u00f3n c\u00f3smica de fondo, provenientes de fuentes primordiales. Los datos son compatibles con un cociente de amplitudes de modos escalares a tensoriales (r) de 0.2, correspondiente a una predicci\u00f3n \u00fanica de inflaci\u00f3n.<\/p>\n<p>M\u00e1s informaci\u00f3n <a href=\"http:\/\/bicepkeck.org\/\"  target=\"_blank\">t\u00e9nica<\/a>, o bien, de <a href=\"http:\/\/www.theguardian.com\/science\/2014\/mar\/17\/primordial-gravitational-wave-discovery-physics-bicep\" target=\"_blank\">divulgaci\u00f3n<\/a>.<\/p>\n<p><a href=\"http:\/\/fisica.ugto.mx\/~gfm\/wordpress\/wp-content\/uploads\/2014\/03\/bicep.png\"><img decoding=\"async\" loading=\"lazy\" src=\"http:\/\/fisica.ugto.mx\/~gfm\/wordpress\/wp-content\/uploads\/2014\/03\/bicep.png\" alt=\"bicep\" width=\"400\" height=\"228\" class=\"alignleft size-full wp-image-1121\" \/><\/a><\/p>\n<\/div>\n<\/div><div class=\"post\" id=\"post-901\">\n    <h2 class=\"entry-title\"><a href=\"http:\/\/fisica.ugto.mx\/~gfm\/mapa-de-boss\/\" rel=\"bookmark\">Mapa de BOSS<\/a><\/h2>\n    <div class=\"entry-meta\">Posted on <a href=\"http:\/\/fisica.ugto.mx\/~gfm\/mapa-de-boss\/\" title=\"8:52 am\"\n        rel=\"bookmark\">13\/11\/2012<\/a> by <a href=\"http:\/\/fisica.ugto.mx\/~gfm\/author\/admingfm\/\">admingfm<\/a><\/div>\n    <div class=\"entry\"><p>Cient\u00edficos de la colaboraci\u00f3n\u00a0\u00a0<a href=\"http:\/\/www.sdss3.org\/surveys\/boss.php\" target=\"_blank\">BOSS (Baryon Oscillation Spectroscopic Survey)<\/a>\u00a0realizan el primer mapa del Universo de hace 11 mil millones de a\u00f1os, usando miles de cu\u00e1sares.<\/p>\n<p>Mayor informaci\u00f3n en <a href=\"http:\/\/www.bbc.co.uk\/news\/science-environment-20303592\" target=\"_blank\">BBC news<\/a> o <a href=\"http:\/\/www.reuters.com\/article\/2012\/11\/13\/us-space-universe-map-idUSBRE8AC00420121113\" target=\"_blank\">Reuters<\/a>; asi como en el preprint <a href=\"http:\/\/arxiv.org\/abs\/1211.2616\" target=\"_blank\">arXiv:1211.2616<\/a><\/p>\n<\/div>\n<\/div><\/div>\n","protected":false},"excerpt":{"rendered":"<p>The Gravitation and Mathematical Physics Group is part of the Physics Department at the University of Guanajuato, Mexico. It is a well established group in the country that carries\u00a0research in classical and quantum gravity, string theory and theoretical cosmology. Please &hellip; <a href=\"http:\/\/fisica.ugto.mx\/~gfm\/\">Continue reading <span class=\"meta-nav\">&rarr;<\/span><\/a><\/p>\n","protected":false},"author":1,"featured_media":0,"parent":0,"menu_order":10,"comment_status":"closed","ping_status":"closed","template":"sidebar-page.php","meta":[],"_links":{"self":[{"href":"http:\/\/fisica.ugto.mx\/~gfm\/wp-json\/wp\/v2\/pages\/156"}],"collection":[{"href":"http:\/\/fisica.ugto.mx\/~gfm\/wp-json\/wp\/v2\/pages"}],"about":[{"href":"http:\/\/fisica.ugto.mx\/~gfm\/wp-json\/wp\/v2\/types\/page"}],"author":[{"embeddable":true,"href":"http:\/\/fisica.ugto.mx\/~gfm\/wp-json\/wp\/v2\/users\/1"}],"replies":[{"embeddable":true,"href":"http:\/\/fisica.ugto.mx\/~gfm\/wp-json\/wp\/v2\/comments?post=156"}],"version-history":[{"count":27,"href":"http:\/\/fisica.ugto.mx\/~gfm\/wp-json\/wp\/v2\/pages\/156\/revisions"}],"predecessor-version":[{"id":677,"href":"http:\/\/fisica.ugto.mx\/~gfm\/wp-json\/wp\/v2\/pages\/156\/revisions\/677"}],"wp:attachment":[{"href":"http:\/\/fisica.ugto.mx\/~gfm\/wp-json\/wp\/v2\/media?parent=156"}],"curies":[{"name":"wp","href":"https:\/\/api.w.org\/{rel}","templated":true}]}}