{"id":188,"date":"2012-05-01T11:10:05","date_gmt":"2012-05-01T16:10:05","guid":{"rendered":"http:\/\/localhost\/ugto\/wordpress\/?page_id=188"},"modified":"2012-07-25T16:49:57","modified_gmt":"2012-07-25T21:49:57","slug":"news","status":"publish","type":"page","link":"http:\/\/fisica.ugto.mx\/~gfm\/news\/","title":{"rendered":"News (mostly in Spanish)"},"content":{"rendered":"<p><div class=\"post\" id=\"post-1290\">\n    <h2 class=\"entry-title\"><a href=\"http:\/\/fisica.ugto.mx\/~gfm\/desi\/\" rel=\"bookmark\">DESI<\/a><\/h2>\n    <div class=\"entry-meta\">Posted on <a href=\"http:\/\/fisica.ugto.mx\/~gfm\/desi\/\" title=\"1:37 pm\"\n        rel=\"bookmark\">14\/10\/2015<\/a> by <a href=\"http:\/\/fisica.ugto.mx\/~gfm\/author\/admingfm\/\">admingfm<\/a><\/div>\n    <div class=\"entry\"><p>Nos complace anunciar que algunos miembros del Grupo de Gravitaci\u00f3n y F\u00edsica Matem\u00e1tica finalmente son parte de la colaboraci\u00f3n internacional Dark Energy Spectroscopic Instrument (DESI), cuyo prop\u00f3sito ser\u00e1 medir las propiedades del Universo usando un senso de 30 millones de Galaxias y Cu\u00e1sares.<\/p>\n<p>Mayor informaci\u00f3n puede encontrarse <a href=\"http:\/\/www.jornada.unam.mx\/2015\/10\/13\/ciencias\/a02n1cie\" target=\"_blank\">aqui<\/a><\/p>\n<p>&nbsp;<\/p>\n<\/div>\n<\/div><div class=\"post\" id=\"post-1256\">\n    <h2 class=\"entry-title\"><a href=\"http:\/\/fisica.ugto.mx\/~gfm\/john-n-bahcall-physics-award-2016\/\" rel=\"bookmark\">John N. Bahcall Physics Award 2016<\/a><\/h2>\n    <div class=\"entry-meta\">Posted on <a href=\"http:\/\/fisica.ugto.mx\/~gfm\/john-n-bahcall-physics-award-2016\/\" title=\"10:40 pm\"\n        rel=\"bookmark\">25\/08\/2015<\/a> by <a href=\"http:\/\/fisica.ugto.mx\/~gfm\/author\/alma\/\">Alma<\/a><\/div>\n    <div class=\"entry\"><p>La fundaci\u00f3n Hertel en conjunto con la Universidad de California, Santa Cruz abre la convocatoria\u00a0<strong><a href=\"http:\/\/fisica.ugto.mx\/~events\/bahcall\/\">John N. Bahcall Physics Award 2016<\/a> .\u00a0<\/strong>El estudiante de licenciatura ganador de este reconocimiento podr\u00e1 realizar una estancia de investigaci\u00f3n en Astrof\u00edsica computacional en UCSC bajo la direcci\u00f3n del Dr. Enrico Ramirez-Ru\u00edz. La convocatoria est\u00e1 abierta para todos los estudiantes Mexicanos que cursen una \u00a0licenciatura en f\u00edsica, o \u00e1rea afin, en alguna universidad p\u00fablica de M\u00e9xico. La elecci\u00f3n del ganador de este a\u00f1o la coordinan profesores de nuestro departamento.<\/p>\n<\/div>\n<\/div><div class=\"post\" id=\"post-1239\">\n    <h2 class=\"entry-title\"><a href=\"http:\/\/fisica.ugto.mx\/~gfm\/nuevosintegrantes\/\" rel=\"bookmark\">Bienvenida a los Drs. Cabo, Gonz\u00e1lez y Diez<\/a><\/h2>\n    <div class=\"entry-meta\">Posted on <a href=\"http:\/\/fisica.ugto.mx\/~gfm\/nuevosintegrantes\/\" title=\"10:56 am\"\n        rel=\"bookmark\">21\/08\/2015<\/a> by <a href=\"http:\/\/fisica.ugto.mx\/~gfm\/author\/admingfm\/\">admingfm<\/a><\/div>\n    <div class=\"entry\"><p>Nos complace anunciar que el grupo ha crecido, y ahora contamos con tres nuevos miembros: la Dra. <a href=\"http:\/\/fisica.ugto.mx\/~gfm\/group-members\/nana-cabo-bizet\/\" title=\"Nana Cabo Bizet\">Nana Cabo Bizet<\/a>, especialista en teor\u00eda de cuerdas, la Dra. <a href=\"http:\/\/fisica.ugto.mx\/~gfm\/group-members\/alma-gonzalez\/\" title=\"Alma Gonzalez\">Alma Xochilt Gonz\u00e1lez Morales<\/a>, l\u00edder en cosmolog\u00eda y mater\u00eda oscura, y el Dr. <a href=\"http:\/\/fisica.ugto.mx\/~gfm\/group-members\/alberto-diez\/\" title=\"Alberto Diez\">Alberto D\u00edaz Tejedor<\/a>, experto en cosmolog\u00eda, gravitaci\u00f3n y f\u00edsica del Universo temprano. Los invitamos a darles la bienvenida y hacerlos sentir como en casa.<\/p>\n<\/div>\n<\/div><div class=\"post\" id=\"post-1120\">\n    <h2 class=\"entry-title\"><a href=\"http:\/\/fisica.ugto.mx\/~gfm\/bicep-encuentra-ondas-primordiales-gravitacionales\/\" rel=\"bookmark\">Bicep encuentra ondas primordiales gravitacionales<\/a><\/h2>\n    <div class=\"entry-meta\">Posted on <a href=\"http:\/\/fisica.ugto.mx\/~gfm\/bicep-encuentra-ondas-primordiales-gravitacionales\/\" title=\"10:06 am\"\n        rel=\"bookmark\">18\/03\/2014<\/a> by <a href=\"http:\/\/fisica.ugto.mx\/~gfm\/author\/admingfm\/\">admingfm<\/a><\/div>\n    <div class=\"entry\"><p>La colaboraci\u00f3n BICEP encontr\u00f3 modos B de polarizaci\u00f3n en la radiaci\u00f3n c\u00f3smica de fondo, provenientes de fuentes primordiales. Los datos son compatibles con un cociente de amplitudes de modos escalares a tensoriales (r) de 0.2, correspondiente a una predicci\u00f3n \u00fanica de inflaci\u00f3n.<\/p>\n<p>M\u00e1s informaci\u00f3n <a href=\"http:\/\/bicepkeck.org\/\"  target=\"_blank\">t\u00e9nica<\/a>, o bien, de <a href=\"http:\/\/www.theguardian.com\/science\/2014\/mar\/17\/primordial-gravitational-wave-discovery-physics-bicep\" target=\"_blank\">divulgaci\u00f3n<\/a>.<\/p>\n<p><a href=\"http:\/\/fisica.ugto.mx\/~gfm\/wordpress\/wp-content\/uploads\/2014\/03\/bicep.png\"><img decoding=\"async\" loading=\"lazy\" src=\"http:\/\/fisica.ugto.mx\/~gfm\/wordpress\/wp-content\/uploads\/2014\/03\/bicep.png\" alt=\"bicep\" width=\"400\" height=\"228\" class=\"alignleft size-full wp-image-1121\" \/><\/a><\/p>\n<\/div>\n<\/div><div class=\"post\" id=\"post-901\">\n    <h2 class=\"entry-title\"><a href=\"http:\/\/fisica.ugto.mx\/~gfm\/mapa-de-boss\/\" rel=\"bookmark\">Mapa de BOSS<\/a><\/h2>\n    <div class=\"entry-meta\">Posted on <a href=\"http:\/\/fisica.ugto.mx\/~gfm\/mapa-de-boss\/\" title=\"8:52 am\"\n        rel=\"bookmark\">13\/11\/2012<\/a> by <a href=\"http:\/\/fisica.ugto.mx\/~gfm\/author\/admingfm\/\">admingfm<\/a><\/div>\n    <div class=\"entry\"><p>Cient\u00edficos de la colaboraci\u00f3n\u00a0\u00a0<a href=\"http:\/\/www.sdss3.org\/surveys\/boss.php\" target=\"_blank\">BOSS (Baryon Oscillation Spectroscopic Survey)<\/a>\u00a0realizan el primer mapa del Universo de hace 11 mil millones de a\u00f1os, usando miles de cu\u00e1sares.<\/p>\n<p>Mayor informaci\u00f3n en <a href=\"http:\/\/www.bbc.co.uk\/news\/science-environment-20303592\" target=\"_blank\">BBC news<\/a> o <a href=\"http:\/\/www.reuters.com\/article\/2012\/11\/13\/us-space-universe-map-idUSBRE8AC00420121113\" target=\"_blank\">Reuters<\/a>; asi como en el preprint <a href=\"http:\/\/arxiv.org\/abs\/1211.2616\" target=\"_blank\">arXiv:1211.2616<\/a><\/p>\n<\/div>\n<\/div><div class=\"post\" id=\"post-842\">\n    <h2 class=\"entry-title\"><a href=\"http:\/\/fisica.ugto.mx\/~gfm\/superb\/\" rel=\"bookmark\">SuperB<\/a><\/h2>\n    <div class=\"entry-meta\">Posted on <a href=\"http:\/\/fisica.ugto.mx\/~gfm\/superb\/\" title=\"10:50 am\"\n        rel=\"bookmark\">21\/09\/2012<\/a> by <a href=\"http:\/\/fisica.ugto.mx\/~gfm\/author\/admingfm\/\">admingfm<\/a><\/div>\n    <div class=\"entry\"><p>El grupo de part\u00edculas, tambi\u00e9n del Departamento de F\u00edsica, se une al experimento SuperB (<a href=\"http:\/\/en.wikipedia.org\/wiki\/SuperB\" target=\"_blank\">http:\/\/en.wikipedia.org\/wiki\/SuperB<\/a>), con apoyo del CONACyT. La colaboraci\u00f3n Mexicana involucra a la Universidad Autonoma de Sinaloa, el\u00a0CINVESTAV del IPN, la\u00a0BUAP, la UNAM y la\u00a0Universidad de Guanajuato, donde los investigadores locales son\u00a0\u00a0Marco A. Reyes y\u00a0David Delepine.<\/p>\n<\/div>\n<\/div><div class=\"post\" id=\"post-801\">\n    <h2 class=\"entry-title\"><a href=\"http:\/\/fisica.ugto.mx\/~gfm\/resultados-s-n-i\/\" rel=\"bookmark\">Resultados S.N.I.<\/a><\/h2>\n    <div class=\"entry-meta\">Posted on <a href=\"http:\/\/fisica.ugto.mx\/~gfm\/resultados-s-n-i\/\" title=\"6:54 pm\"\n        rel=\"bookmark\">03\/09\/2012<\/a> by <a href=\"http:\/\/fisica.ugto.mx\/~gfm\/author\/admingfm\/\">admingfm<\/a><\/div>\n    <div class=\"entry\"><p>Felicitamos a los miembros del grupo de gravitaci\u00f3n, y tambi\u00e9n de part\u00edculas, que obtuvieron diferentes distinciones en el S.N.I.: Arturo Avelino (Nivel C), Lao-Tse Lopez (Nivel C), Alberto Diez (Nivel 1), Yoelsy Leyva (Nivel 1), Gustavo Niz (Nivel 1), David Delepine (Nivel 2) y Mauro Napsuciale (Nivel 3).<\/p>\n<\/div>\n<\/div><div class=\"post\" id=\"post-778\">\n    <h2 class=\"entry-title\"><a href=\"http:\/\/fisica.ugto.mx\/~gfm\/la-ciencia-en-el-kino\/\" rel=\"bookmark\">La ciencia en el Kino<\/a><\/h2>\n    <div class=\"entry-meta\">Posted on <a href=\"http:\/\/fisica.ugto.mx\/~gfm\/la-ciencia-en-el-kino\/\" title=\"9:11 am\"\n        rel=\"bookmark\">31\/08\/2012<\/a> by <a href=\"http:\/\/fisica.ugto.mx\/~gfm\/author\/gniz\/\">Gustavo<\/a><\/div>\n    <div class=\"entry\"><table style=\"border-spacing: 40px 10px; border-width: none;\">\n<tbody>\n<tr>\n<td><a href=\"http:\/\/fisica.ugto.mx\/~gfm\/wordpress\/wp-content\/uploads\/2012\/08\/LACIENCIAENELKINOSEPTIEMBRE.jpg\"><img decoding=\"async\" class=\"alignnone  wp-image-779\" title=\"LACIENCIAENELKINO(SEPTIEMBRE)\" src=\"http:\/\/fisica.ugto.mx\/~gfm\/wordpress\/wp-content\/uploads\/2012\/08\/LACIENCIAENELKINOSEPTIEMBRE.jpg\" alt=\"\" width=\"150\" border=\"0\" \/><\/a><\/td>\n<td style=\"vertical-align: top;\">Comienza una serie de charlas de divulgaci\u00f3n en el centro cultura Kino Room, del centro hist\u00f3rico de Leon, Guanajuato. El primer evento ser\u00e1 el Jueves 6 de Septiembre por la noche y los detalles est\u00e1n <a href=\"http:\/\/fisica.ugto.mx\/~gfm\/ai1ec_event\/ciencia-en-el-kino-room\/?instance_id=53\">aqui<\/a>.<\/td>\n<\/tr>\n<\/tbody>\n<\/table>\n<\/div>\n<\/div><div class=\"post\" id=\"post-770\">\n    <h2 class=\"entry-title\"><a href=\"http:\/\/fisica.ugto.mx\/~gfm\/postdocs-promep\/\" rel=\"bookmark\">Postdocs PROMEP<\/a><\/h2>\n    <div class=\"entry-meta\">Posted on <a href=\"http:\/\/fisica.ugto.mx\/~gfm\/postdocs-promep\/\" title=\"10:21 pm\"\n        rel=\"bookmark\">22\/08\/2012<\/a> by <a href=\"http:\/\/fisica.ugto.mx\/~gfm\/author\/gniz\/\">Gustavo<\/a><\/div>\n    <div class=\"entry\"><p>Recientemente recibimos la aprobaci\u00f3n de nuestros candidatos a becas de postdoctorado PROMEP. Felicitamos a Yoelsy Leyva quien obtuvo su renovaci\u00f3n por un a\u00f1o m\u00e1s, as\u00ed como a los nuevos postdocs, Aldo Mart\u00ednez, Leonardo Ort\u00edz, Jos\u00e9 Rosales y Roberto Santos, quienes se incorporar\u00e1n al grupo a la brevedad posible. Les damos una cordial bienvenida.<\/p>\n<\/div>\n<\/div><div class=\"post\" id=\"post-732\">\n    <h2 class=\"entry-title\"><a href=\"http:\/\/fisica.ugto.mx\/~gfm\/proyectos-conacyt-aprobados\/\" rel=\"bookmark\">Proyectos CONACYT<\/a><\/h2>\n    <div class=\"entry-meta\">Posted on <a href=\"http:\/\/fisica.ugto.mx\/~gfm\/proyectos-conacyt-aprobados\/\" title=\"11:52 am\"\n        rel=\"bookmark\">28\/06\/2012<\/a> by <a href=\"http:\/\/fisica.ugto.mx\/~gfm\/author\/gniz\/\">Gustavo<\/a><\/div>\n    <div class=\"entry\"><p>El CONACYT aprueba proyectos de investigaci\u00f3n b\u00e1sica a 3 miembros (A. Diez, G. Niz y J. Socorro) del grupo de GFM.<\/p>\n<\/div>\n<\/div><div class=\"post\" id=\"post-553\">\n    <h2 class=\"entry-title\"><a href=\"http:\/\/fisica.ugto.mx\/~gfm\/hello-world-2\/\" rel=\"bookmark\">Welcome to the GFM's group new website!<\/a><\/h2>\n    <div class=\"entry-meta\">Posted on <a href=\"http:\/\/fisica.ugto.mx\/~gfm\/hello-world-2\/\" title=\"5:40 pm\"\n        rel=\"bookmark\">27\/04\/2012<\/a> by <a href=\"http:\/\/fisica.ugto.mx\/~gfm\/author\/admingfm\/\">admingfm<\/a><\/div>\n    <div class=\"entry\"><p>This will be our new site&#8230;<\/p>\n<\/div>\n<\/div><\/p>\n","protected":false},"excerpt":{"rendered":"<p>DESI Posted on 14\/10\/2015 by admingfm Nos complace anunciar que algunos miembros del Grupo de Gravitaci\u00f3n y F\u00edsica Matem\u00e1tica finalmente son parte de la colaboraci\u00f3n internacional Dark Energy Spectroscopic Instrument (DESI), cuyo prop\u00f3sito ser\u00e1 medir las propiedades del Universo usando &hellip; <a href=\"http:\/\/fisica.ugto.mx\/~gfm\/news\/\">Continue reading <span class=\"meta-nav\">&rarr;<\/span><\/a><\/p>\n","protected":false},"author":1,"featured_media":0,"parent":0,"menu_order":0,"comment_status":"closed","ping_status":"closed","template":"sidebar-page.php","meta":[],"_links":{"self":[{"href":"http:\/\/fisica.ugto.mx\/~gfm\/wp-json\/wp\/v2\/pages\/188"}],"collection":[{"href":"http:\/\/fisica.ugto.mx\/~gfm\/wp-json\/wp\/v2\/pages"}],"about":[{"href":"http:\/\/fisica.ugto.mx\/~gfm\/wp-json\/wp\/v2\/types\/page"}],"author":[{"embeddable":true,"href":"http:\/\/fisica.ugto.mx\/~gfm\/wp-json\/wp\/v2\/users\/1"}],"replies":[{"embeddable":true,"href":"http:\/\/fisica.ugto.mx\/~gfm\/wp-json\/wp\/v2\/comments?post=188"}],"version-history":[{"count":5,"href":"http:\/\/fisica.ugto.mx\/~gfm\/wp-json\/wp\/v2\/pages\/188\/revisions"}],"predecessor-version":[{"id":739,"href":"http:\/\/fisica.ugto.mx\/~gfm\/wp-json\/wp\/v2\/pages\/188\/revisions\/739"}],"wp:attachment":[{"href":"http:\/\/fisica.ugto.mx\/~gfm\/wp-json\/wp\/v2\/media?parent=188"}],"curies":[{"name":"wp","href":"https:\/\/api.w.org\/{rel}","templated":true}]}}