{"id":6,"date":"2012-04-27T17:40:06","date_gmt":"2012-04-27T22:40:06","guid":{"rendered":"http:\/\/localhost\/ugto\/wordpress\/?page_id=2"},"modified":"2021-02-01T18:10:58","modified_gmt":"2021-02-02T00:10:58","slug":"group-members","status":"publish","type":"page","link":"http:\/\/fisica.ugto.mx\/~gfm\/group-members\/","title":{"rendered":"Group Members"},"content":{"rendered":"<table style=\"border: 0 none;\" width=\"100%\" border=\"0\" cellspacing=\"0\" cellpadding=\"0\">\n<tbody>\n<tr>\n<td style=\"border: 0 none;\">\n<h2><span style=\"color: #000080;\">Staff<\/span><\/h2>\n<p><span style=\"color: #000000;\"><a title=\"Nana Cabo\" href=\"http:\/\/fisica.ugto.mx\/~gfm\/group-members\/nana-cabo-bizet\/\"><span style=\"color: #000000;\">Nana Cabo<\/span><\/a><\/span><br \/>\n<span style=\"color: #000000;\"><a title=\"Alberto Diez\" href=\"http:\/\/fisica.ugto.mx\/~gfm\/group-members\/alberto-diez\/\"><span style=\"color: #000000;\"> Alberto Diez<\/span><\/a><\/span><br \/>\n<span style=\"color: #000000;\"><a title=\"Alma Gonzalez\" href=\"http:\/\/fisica.ugto.mx\/~gfm\/group-members\/alma-gonzalez\/\"><span style=\"color: #000000;\"> Alma Gonzalez<\/span><\/a><\/span><br \/>\n<span style=\"color: #000000;\"><a title=\"Oscar Loaiza Brito\" href=\"http:\/\/fisica.ugto.mx\/~gfm\/oscar-loaiza-brito\/\"><span style=\"color: #000000;\"> Oscar Loaiza<\/span><\/a><\/span><br \/>\n<span style=\"color: #000000;\"><a title=\"Gustavo Niz\" href=\"http:\/\/fisica.ugto.mx\/~gfm\/group-members\/niz\/\"><span style=\"color: #000000;\"> Gustavo Niz<\/span><\/a><\/span><br \/>\n<span style=\"color: #000000;\"><a title=\"Octavio Obreg\u00f3n\" href=\"http:\/\/fisica.ugto.mx\/~gfm\/group-members\/octavio\/\"><span style=\"color: #000000;\">Professor Octavio Obreg\u00f3n<\/span><\/a><\/span><br \/>\n<span style=\"color: #000000;\"><a title=\"Jose Luis Picon\" href=\"http:\/\/fisica.ugto.mx\/~gfm\/group-members\/picon\/\"><span style=\"color: #000000;\"> Jos\u00e9 Luis Pic\u00f3n<\/span><\/a><\/span><br \/>\n<span style=\"color: #000000;\"><a title=\"Miguel Sabido\" href=\"http:\/\/fisica.ugto.mx\/~gfm\/group-members\/miguel-sabido\/\"><span style=\"color: #000000;\"> Miguel Sabido<\/span><\/a><\/span><br \/>\n<span style=\"color: #000000;\"><a title=\"Jos\u00f3 Socorro\" href=\"http:\/\/fisica.ugto.mx\/~gfm\/group-members\/jos-socorro\/\"><span style=\"color: #000000;\"> Jos\u00e9 Socorro<\/span><\/a><\/span><br \/>\n<span style=\"color: #000000;\"><a title=\"Luis A. Ure\u00f1a\" href=\"http:\/\/fisica.ugto.mx\/~gfm\/group-members\/urena\/\"><span style=\"color: #000000;\"> Luis Ure\u00f1a<\/span><\/a><\/span><\/p>\n<h2><span style=\"color: #000080;\">Admin<\/span><\/h2>\n<p><span style=\"color: #000000;\"><a title=\"Norma A. L\u00f3pez V\u00e1zquez\" href=\"http:\/\/fisica.ugto.mx\/~gfm\/group-members\/norma\/\"><span style=\"color: #000000;\">Norma A. L\u00f3pez V\u00e1zquez<\/span><\/a><\/span><br \/>\n<a title=\"Laura Dur\u00f3n Mac\u00edas\" href=\"http:\/\/fisica.ugto.mx\/~gfm\/group-members\/sec\/\"><span style=\"color: #000000;\"><span style=\"color: #000000;\">Laura Dur\u00f3n Mac\u00edas<\/span><\/span><\/a><\/td>\n<td style=\"border: 0 none;\">\n<h2><span style=\"color: #000080;\">Postdocs<\/span><\/h2>\n<p><span style=\"color: #000000;\"><a title=\"Aldo Martinez\" href=\"http:\/\/fisica.ugto.mx\/~gfm\/group-members\/nandanroy\/\"><span style=\"color: #000000;\">Nandan Roy<\/span><\/a><\/span><br \/>\n<span style=\"color: #000000;\"><a title=\"Aldo Martinez\" href=\"http:\/\/fisica.ugto.mx\/~gfm\/group-members\/elianachaverra\/\"><span style=\"color: #000000;\">Eliana Chaverra<\/span><\/a><\/span><br \/>\n<span style=\"color: #000000;\"><a title=\"Aldo Martinez\" href=\"http:\/\/fisica.ugto.mx\/~gfm\/group-members\/aldomartinez\/\"><span style=\"color: #000000;\">Aldo Mart\u00ednez<\/span><\/a><\/span><br \/>\n<span style=\"color: #000000;\"><a title=\"Jos\u00e9 Eduardo Rosales\" href=\"http:\/\/fisica.ugto.mx\/~gfm\/group-members\/erosales\/\"><span style=\"color: #000000;\"> Jos\u00e9 Eduardo Rosales<\/span><\/a><\/span><\/p>\n<h2><span style=\"color: #000080;\">Particle physics collaborators<\/span><\/h2>\n<p><span style=\"color: #000000;\"><a title=\"Aldo Martinez\" href=\"http:\/\/fisica.ugto.mx\/~gfm\/group-members\/juan-barranco\/\"><span style=\"color: #000000;\">Juan Barranco<\/span><\/a><\/span>, Argelia Bernal<\/td>\n<\/tr>\n<tr>\n<td style=\"border: 0 none;\">\n<h2><span style=\"color: #000080;\">PhD Students<\/span><\/h2>\n<p>Cesar Damian Ascencio<br \/>\nJavier Fernando Chagoya<br \/>\nLuis Rey D\u00edaz Barr\u00f3n<br \/>\nAbraham Espinoza<br \/>\nJos\u00e9 Luis L\u00f3pez<br \/>\nJuan M\u00e9ndez<br \/>\nJuan Luis P\u00e9rez<br \/>\nAlejandro Preciado<br \/>\nLeonel Toledo<br \/>\nEfrain Torres<br \/>\nLiliana V\u00e1zquez<br \/>\nSalom\u00f3n Zacar\u00edas<\/td>\n<td style=\"border: 0 none;\">\n<h2><span style=\"color: #000080;\">Master Students<\/span><\/h2>\n<p>Jonat\u00e1n Amador<br \/>\nFrancisco Linares Marco d&#8217;Oleire<br \/>\nLuis Efren Escorza Antonio Herrera<br \/>\nIvan Michel Zer\u00f3n Rafael Hern\u00e1ndez<br \/>\nCesar Hern\u00e1ndez<\/p>\n<h2><span style=\"color: #000080;\">Several Undergraduate and<br \/>\nSummer Students<\/span><\/h2>\n<p>&nbsp;<\/td>\n<\/tr>\n<\/tbody>\n<\/table>\n<h2><span style=\"color: #000080;\">See also<\/span><\/h2>\n<p><span style=\"color: #000000;\"><a title=\"Past members\" href=\"http:\/\/fisica.ugto.mx\/~gfm\/group-members\/past-members-2\/\"><span style=\"color: #000000;\">Past members<\/span><\/a><\/span><br \/>\n<span style=\"color: #000000;\"><a title=\"Visitors\" href=\"http:\/\/fisica.ugto.mx\/~gfm\/group-members\/visitors\/\"><span style=\"color: #000000;\"> Visitors<\/span><\/a><\/span><\/p>\n","protected":false},"excerpt":{"rendered":"<p>Staff Nana Cabo Alberto Diez Alma Gonzalez Oscar Loaiza Gustavo Niz Professor Octavio Obreg\u00f3n Jos\u00e9 Luis Pic\u00f3n Miguel Sabido Jos\u00e9 Socorro Luis Ure\u00f1a Admin Norma A. L\u00f3pez V\u00e1zquez Laura Dur\u00f3n Mac\u00edas Postdocs Nandan Roy Eliana Chaverra Aldo Mart\u00ednez Jos\u00e9 Eduardo &hellip; <a href=\"http:\/\/fisica.ugto.mx\/~gfm\/group-members\/\">Continue reading <span class=\"meta-nav\">&rarr;<\/span><\/a><\/p>\n","protected":false},"author":1,"featured_media":0,"parent":0,"menu_order":1,"comment_status":"closed","ping_status":"closed","template":"sidebar-page.php","meta":[],"_links":{"self":[{"href":"http:\/\/fisica.ugto.mx\/~gfm\/wp-json\/wp\/v2\/pages\/6"}],"collection":[{"href":"http:\/\/fisica.ugto.mx\/~gfm\/wp-json\/wp\/v2\/pages"}],"about":[{"href":"http:\/\/fisica.ugto.mx\/~gfm\/wp-json\/wp\/v2\/types\/page"}],"author":[{"embeddable":true,"href":"http:\/\/fisica.ugto.mx\/~gfm\/wp-json\/wp\/v2\/users\/1"}],"replies":[{"embeddable":true,"href":"http:\/\/fisica.ugto.mx\/~gfm\/wp-json\/wp\/v2\/comments?post=6"}],"version-history":[{"count":48,"href":"http:\/\/fisica.ugto.mx\/~gfm\/wp-json\/wp\/v2\/pages\/6\/revisions"}],"predecessor-version":[{"id":591,"href":"http:\/\/fisica.ugto.mx\/~gfm\/wp-json\/wp\/v2\/pages\/6\/revisions\/591"}],"wp:attachment":[{"href":"http:\/\/fisica.ugto.mx\/~gfm\/wp-json\/wp\/v2\/media?parent=6"}],"curies":[{"name":"wp","href":"https:\/\/api.w.org\/{rel}","templated":true}]}}