{"id":655,"date":"2012-05-11T13:47:53","date_gmt":"2012-05-11T18:47:53","guid":{"rendered":"http:\/\/fisica.ugto.mx\/~gfm\/?page_id=655"},"modified":"2015-08-06T23:54:57","modified_gmt":"2015-08-07T04:54:57","slug":"alberto-diez","status":"publish","type":"page","link":"http:\/\/fisica.ugto.mx\/~gfm\/group-members\/alberto-diez\/","title":{"rendered":"Alberto Diez"},"content":{"rendered":"<table style=\"border: 0 none;\" width=\"100%\" border=\"0\" cellspacing=\"0\" cellpadding=\"0\">\n<tbody>\n<tr>\n<td style=\"border: 0 none;\">\n<h2>Full-time professor (Profesor Asociado C)<\/h2>\n<p><em>Email:<\/em> alberto.diez(at)fisica.ugto.mx<br \/>\n<em>Tel.:<\/em> +52 (477) 788-5100 Ext 8460<br \/>\n<em>Office Number:<\/em> <br \/>\n<em>Website:<\/em> <a href=\"http:\/\/fisica.ugto.mx\/~supercuerdas\/miembros\/diez.html\" target=\"_blank\">here<\/a><\/td>\n<td style=\"border: 0 none; vertical-align: middle;\"><img src=\"\" width=\"150\"><\/td>\n<\/tr>\n<\/tbody>\n<\/table>\n<h3>Research Interests<\/h3>\n<div><strong>Cosmology, General Relativity, Quantum Field Theory:<\/strong> Early Universe, Inflation, Structure Formation, Dark Matter, Dark Energy, Breakdown of Lorentz\r\nInvariance.<\/div>\n<p>&nbsp;<\/p>\n<h3>Career<\/h3>\n<div><strong>PhD:<\/strong> Departamento de F\u00edsica Te\u00f3rica e Historia de la Ciencia, Universidad del Pa\u00eds Vasco, Espa\u00f1a (2007)\r\n<BR> <strong>Postdoc:<\/strong> Departamento de F\u00edsica Te\u00f3rica e Historia de la Ciencia, Universidad del Pa\u00eds Vasco, Espa\u00f1a, 2007-2008\r\n<BR> <strong>Postdoc:<\/strong> Instituto de Ciencias Nucleares, Universidad Nacional Aut\u00f3noma de M\u00e9xico, M\u00e9xico, 2008-2011\r\n<BR> <strong>Postdoc:<\/strong> Departamento de F\u00edsica, Divisi\u00f3n de Ciencias en Ingenier\u00edas, M\u00e9xico, 2011-2013<\/div>\n<hr \/>\n<p><a href=\"http:\/\/inspirehep.net\/search?ln=en&amp;p=find+a+diez%2Calberto&amp;of=hb&amp;action_search=Search\" target=\"_blank\">Publications (INSPIRE)<\/a><\/p>\n","protected":false},"excerpt":{"rendered":"<p>Email: Tel.: +52 (477) 788-5100 Ext Office Number: Website: Research Interests &nbsp; Career Publications (INSPIRE)<\/p>\n","protected":false},"author":1,"featured_media":0,"parent":6,"menu_order":0,"comment_status":"closed","ping_status":"open","template":"sidebar-page.php","meta":[],"_links":{"self":[{"href":"http:\/\/fisica.ugto.mx\/~gfm\/wp-json\/wp\/v2\/pages\/655"}],"collection":[{"href":"http:\/\/fisica.ugto.mx\/~gfm\/wp-json\/wp\/v2\/pages"}],"about":[{"href":"http:\/\/fisica.ugto.mx\/~gfm\/wp-json\/wp\/v2\/types\/page"}],"author":[{"embeddable":true,"href":"http:\/\/fisica.ugto.mx\/~gfm\/wp-json\/wp\/v2\/users\/1"}],"replies":[{"embeddable":true,"href":"http:\/\/fisica.ugto.mx\/~gfm\/wp-json\/wp\/v2\/comments?post=655"}],"version-history":[{"count":3,"href":"http:\/\/fisica.ugto.mx\/~gfm\/wp-json\/wp\/v2\/pages\/655\/revisions"}],"predecessor-version":[{"id":1232,"href":"http:\/\/fisica.ugto.mx\/~gfm\/wp-json\/wp\/v2\/pages\/655\/revisions\/1232"}],"up":[{"embeddable":true,"href":"http:\/\/fisica.ugto.mx\/~gfm\/wp-json\/wp\/v2\/pages\/6"}],"wp:attachment":[{"href":"http:\/\/fisica.ugto.mx\/~gfm\/wp-json\/wp\/v2\/media?parent=655"}],"curies":[{"name":"wp","href":"https:\/\/api.w.org\/{rel}","templated":true}]}}