{"id":854,"date":"2012-09-25T13:37:39","date_gmt":"2012-09-25T18:37:39","guid":{"rendered":"http:\/\/fisica.ugto.mx\/~gfm\/?page_id=854"},"modified":"2016-11-03T15:05:21","modified_gmt":"2016-11-03T21:05:21","slug":"past-members-2","status":"publish","type":"page","link":"http:\/\/fisica.ugto.mx\/~gfm\/group-members\/past-members-2\/","title":{"rendered":"Past members"},"content":{"rendered":"<p><strong>Postdocs<\/strong><br \/>\nRoberto Santos (May 2013- Dic 2015, moved to U. of Guadalajara, Mex)<br \/>\nNana Cabo (Jan 2014- Dec 2014, moved to Johannesburg, SA)<br \/>\nMiguel Aspeitia (2012-2014, moved to Zacatecas, Mex)<br \/>\nArturo Avelino (Sept 2011-Oct 2013, moved to Harvard, USA)<br \/>\nAlberto Diez (Jul 2011-Sept 2013, moved to UCSC, USA)<br \/>\nLeonardo Ortiz (Oct 2012-Sept 2013, moved to UNAM, Mex)<br \/>\nYoelsy Leyva (May 2011-May 2013, moved to Valparaiso, Chile)<\/p>\n<p><strong>PhD Students\u00a0<\/strong><br \/>\nCesar Damian Ascencio<br \/>\nJavier Fernando Chagoya<br \/>\nLuis Rey D\u00edaz Barr\u00f3n<br \/>\nAbraham Espinoza<br \/>\nJos\u00e9 Luis L\u00f3pez<br \/>\nJuan M\u00e9ndez<br \/>\nJuan Luis P\u00e9rez<br \/>\nLeonel Toledo<br \/>\nEfrain Torres<br \/>\nLiliana V\u00e1zquez<br \/>\nSalom\u00f3n Zacar\u00edas<br \/>\nLizbeth Fern\u00e1ndez<br \/>\nMarco Antonio Ortega Cruz<br \/>\nSinuh\u00e9 Alejandro P\u00e9rez Pay\u00e1n<br \/>\nSusana Valdez<\/p>\n<p><strong>Master Students<\/strong><br \/>\nFrancisco Linares Marco d&#8217;Oleire<br \/>\nLuis Efren Escorza Antonio Herrera<br \/>\nIvan Michel Zer\u00f3n Rafael Hern\u00e1ndez<br \/>\nCesar Hern\u00e1ndez<br \/>\nRosendo L\u00f3pez Delgado<br \/>\nOmar Nu\u00f1ez<br \/>\nFloriberta Rodr\u00edguez<br \/>\nRogelio Jante Vallejo<\/p>\n","protected":false},"excerpt":{"rendered":"<p>Postdocs Roberto Santos (May 2013- Dic 2015, moved to U. of Guadalajara, Mex) Nana Cabo (Jan 2014- Dec 2014, moved to Johannesburg, SA) Miguel Aspeitia (2012-2014, moved to Zacatecas, Mex) Arturo Avelino (Sept 2011-Oct 2013, moved to Harvard, USA) Alberto &hellip; <a href=\"http:\/\/fisica.ugto.mx\/~gfm\/group-members\/past-members-2\/\">Continue reading <span class=\"meta-nav\">&rarr;<\/span><\/a><\/p>\n","protected":false},"author":1,"featured_media":0,"parent":6,"menu_order":0,"comment_status":"closed","ping_status":"closed","template":"sidebar-page.php","meta":[],"_links":{"self":[{"href":"http:\/\/fisica.ugto.mx\/~gfm\/wp-json\/wp\/v2\/pages\/854"}],"collection":[{"href":"http:\/\/fisica.ugto.mx\/~gfm\/wp-json\/wp\/v2\/pages"}],"about":[{"href":"http:\/\/fisica.ugto.mx\/~gfm\/wp-json\/wp\/v2\/types\/page"}],"author":[{"embeddable":true,"href":"http:\/\/fisica.ugto.mx\/~gfm\/wp-json\/wp\/v2\/users\/1"}],"replies":[{"embeddable":true,"href":"http:\/\/fisica.ugto.mx\/~gfm\/wp-json\/wp\/v2\/comments?post=854"}],"version-history":[{"count":16,"href":"http:\/\/fisica.ugto.mx\/~gfm\/wp-json\/wp\/v2\/pages\/854\/revisions"}],"predecessor-version":[{"id":959,"href":"http:\/\/fisica.ugto.mx\/~gfm\/wp-json\/wp\/v2\/pages\/854\/revisions\/959"}],"up":[{"embeddable":true,"href":"http:\/\/fisica.ugto.mx\/~gfm\/wp-json\/wp\/v2\/pages\/6"}],"wp:attachment":[{"href":"http:\/\/fisica.ugto.mx\/~gfm\/wp-json\/wp\/v2\/media?parent=854"}],"curies":[{"name":"wp","href":"https:\/\/api.w.org\/{rel}","templated":true}]}}