{"id":108,"date":"2012-08-29T23:59:34","date_gmt":"2012-08-29T23:59:34","guid":{"rendered":"http:\/\/localhost\/gniz\/?page_id=108"},"modified":"2021-08-09T16:43:57","modified_gmt":"2021-08-09T16:43:57","slug":"teaching","status":"publish","type":"page","link":"http:\/\/fisica.ugto.mx\/~gniz\/academicpage\/teaching\/","title":{"rendered":"Teaching"},"content":{"rendered":"<div><style type=\"text\/css\">#PopUpFad1, #PopUpFad2, #PopUpFad3, #PopUpFad4, #PopUpFad5, #PopUpFad6 {top: 10px; width: 520px; background: #000; text-align: left; font-family: Arial,sans-serif; padding: 10px; border: 0px solid #666;position: absolute;margin: 0 auto;display: none;opacity: 0;KHTMLOpacity: 0;filter: alpha(opacity=0); -moz-opacity: 0;z-index: 1000;\t}<\/style><link rel=\"stylesheet\" type=\"text\/css\" href=\"http:\/\/fisica.ugto.mx\/~gniz\/wp-content\/plugins\/onclick-popup\/onclick-popup.css\" \/><div id='PopUpFad1'><div class=\"PopUpFadClose\"><a href=\"#\" onClick=\"PopUpFadCloseX('PopUpFad1')\"><img src=\"http:\/\/fisica.ugto.mx\/~gniz\/wp-content\/plugins\/onclick-popup\/close.jpg\" \/><\/a><\/div><div>&lt;p&gt; \r\nGu\u00eda de ensayos\r\n&lt;\/p&gt; \r\n&lt;p&gt; \r\n1) Tema. La idea es escribir un ensayo sobre temas propuestos en el curso.\r\n&lt;\/p&gt;\r\n&lt;p&gt;\r\n2) Escribir un buen ensayo cient\u00edfico del tema; ordeando, bien redactado, completo, conciso y al grano (no quiero rollo). Para ello, es necesario una introducci\u00f3n, un desarrollo y conclusiones (no hay necesidad de llamarle as\u00ed a las secciones). Quiero un trabajo corto pero completo.\r\n&lt;\/p&gt;\r\n&lt;p&gt;\r\n3) Usar tanto descripciones verbales como f\u00f3rmulas matem\u00e1ticas. Tambi\u00e9n incluir diagramas o figuras si es necesario.\r\n&lt;\/p&gt;\r\n&lt;p&gt;\r\n4) Que cuente con 3 referencias confiables, al menos. El curso no es una referencia, as\u00ed que NO incluir frases como &quot;como se vio en clase&quot;. Ninguna referencia a la clase o el curso debe de incluirse en el ensayo.\r\n&lt;\/p&gt;\r\n&lt;p&gt;\r\n5) Escrito en computadora. Quiero un pdf por email a m\u00e1s tardar a la medianoche de la fecha l\u00edmite. Usar LaTex simplificar\u00eda el trabajo, pero no es indispensable. Finalmente esperar mi confirmaci\u00f3n de recibido.\r\n&lt;\/p&gt;<\/div><\/div><div><a href=\"#\" onclick=\"PopUpFadOpen('PopUpFad1', 600)\">Guia de ensayos<\/a><\/div>Archivo LateX de <a href=\"http:\/\/fisica.ugto.mx\/~gniz\/courses\/cal_vec_02_12\/template.tex\">ejemplo <\/a><\/div>\n<h1><\/h1>\n<h1><span style=\"color: #ffff00;\">Courses<\/span><\/h1>\n<h4>1. C\u00e1lculo de Varias Variables (2do semestre 2021)<\/h4>\n<p>Las clases ser\u00e1n por MS Teams de la UG (<a href=\"https:\/\/teams.microsoft.com\/l\/team\/19%3axf0FghhxKJALf9beRgSLQfreyPYdp6QwoFu9RW4wMnQ1%40thread.tacv2\/conversations?groupId=41be0e2b-a714-4f2f-8455-42b491e84e97&#038;tenantId=132b9871-e025-4ead-a34d-7bd5e7a383b4\" target=\"_blank\"> enlance <\/a>)<\/p>\n<h1><span style=\"color: #ffff00;\">Past Courses<\/span><\/h1>\n<h4>Programaci\u00f3n B\u00e1sica (1er semestre 2021)<\/h4>\n<h4>Programaci\u00f3n B\u00e1sica (2do semestre 2020)<\/h4>\n<h4>Mec\u00e1nica Cl\u00e1sica de Maestr\u00eda (1er Semestre 2020).<\/h4>\n<h4>C\u00e1lculo de Varias Variables (2do Semestre 2019)<\/h4>\n<h4>F\u00edsica Relativista (1er Semestre 2019).<\/h4>\n<h4>Mec\u00e1nica Anal\u00edtica (2do Semestre 2018).<\/h4>\n<h4>Mec\u00e1nica Cl\u00e1sica de Maestr\u00eda (1er Semestre 2018).<\/h4>\n<h4>Algebra Tensorial (2do Semestre 2017)<\/h4>\n<h4>Mec\u00e1nica Cl\u00e1sica de Maestr\u00eda (1er Semestre 2017).<\/h4>\n<h4>C\u00e1lculo de Varias Variables (2do Semestre 2016)<\/h4>\n<h4>Mec\u00e1nica Cl\u00e1sica de Maestr\u00eda (1er Semestre 2016).<\/h4>\n<h4>Matem\u00e1ticas Superiores (2do Semestre 2015)<\/h4>\n<h4>Laboratorio Avanzado de Maestr\u00eda (Verano 2015)<\/h4>\n<h4>Teor\u00eda Cu\u00e1ntica de Campos Avanzada de Maestr\u00eda (1er Semestre 2015)<\/h4>\n<h4>Mec\u00e1nica Cu\u00e1ntica I de Maestr\u00eda (1er Semestre 2015)<\/h4>\n<h4>Laboratorio Avanzado (2do Semestre 2014)<\/h4>\n<h4>Teor\u00eda Cu\u00e1ntica de Campos de Maestr\u00eda (2do Semestre 2014)<\/h4>\n<h4>C\u00e1lculo de Varias Variables (2do Semestre 2014)<\/h4>\n<h4>Variable Compleja (1er Semestre 2014)<\/h4>\n<h4>General Relativity (2do Semestre 2013)<\/h4>\n<h4>C\u00e1lculo de Varias Variables (2do Semestre 2013)<\/h4>\n<h4>Variable Compleja (1er Semestre 2013)<\/h4>\n<h4>C\u00e1lculo de Varias Variables (2do Semestre 2012)<\/h4>\n<h4>Laboratorio Avanzado (2do Semestre 2012)<\/h4>\n<h4>Analisis Tensorial y Relatividad General (2do Semestre 2012)<\/h4>\n<h4>Proped\u00e9utico de Mec\u00e1nica Cl\u00e1sica (Verano 2012)<\/h4>\n<h4>Variable Compleja (1er Semestre 2012)<\/h4>\n","protected":false},"excerpt":{"rendered":"<p>Archivo LateX de ejemplo Courses 1. C\u00e1lculo de Varias Variables (2do semestre 2021) Las clases ser\u00e1n por MS Teams de la UG ( enlance ) Past Courses Programaci\u00f3n B\u00e1sica (1er semestre 2021) Programaci\u00f3n B\u00e1sica (2do semestre 2020) Mec\u00e1nica Cl\u00e1sica de &hellip; <a href=\"http:\/\/fisica.ugto.mx\/~gniz\/academicpage\/teaching\/\">Continue reading <span class=\"meta-nav\">&rarr;<\/span><\/a><\/p>\n","protected":false},"author":1,"featured_media":0,"parent":38,"menu_order":0,"comment_status":"closed","ping_status":"closed","template":"sidebar-page.php","meta":[],"_links":{"self":[{"href":"http:\/\/fisica.ugto.mx\/~gniz\/wp-json\/wp\/v2\/pages\/108"}],"collection":[{"href":"http:\/\/fisica.ugto.mx\/~gniz\/wp-json\/wp\/v2\/pages"}],"about":[{"href":"http:\/\/fisica.ugto.mx\/~gniz\/wp-json\/wp\/v2\/types\/page"}],"author":[{"embeddable":true,"href":"http:\/\/fisica.ugto.mx\/~gniz\/wp-json\/wp\/v2\/users\/1"}],"replies":[{"embeddable":true,"href":"http:\/\/fisica.ugto.mx\/~gniz\/wp-json\/wp\/v2\/comments?post=108"}],"version-history":[{"count":93,"href":"http:\/\/fisica.ugto.mx\/~gniz\/wp-json\/wp\/v2\/pages\/108\/revisions"}],"predecessor-version":[{"id":503,"href":"http:\/\/fisica.ugto.mx\/~gniz\/wp-json\/wp\/v2\/pages\/108\/revisions\/503"}],"up":[{"embeddable":true,"href":"http:\/\/fisica.ugto.mx\/~gniz\/wp-json\/wp\/v2\/pages\/38"}],"wp:attachment":[{"href":"http:\/\/fisica.ugto.mx\/~gniz\/wp-json\/wp\/v2\/media?parent=108"}],"curies":[{"name":"wp","href":"https:\/\/api.w.org\/{rel}","templated":true}]}}